{"id":5934,"date":"2025-09-08T11:49:35","date_gmt":"2025-09-08T08:49:35","guid":{"rendered":"https:\/\/ozince.com\/magaza\/urunler\/kategorilenmemis\/luk-621303009-opel-astra-h-z1-6xep-debriyaj-seti-easytronic\/"},"modified":"2025-09-08T11:49:39","modified_gmt":"2025-09-08T08:49:39","slug":"luk-621303009-opel-astra-h-z1-6xep-debriyaj-seti-easytronic","status":"publish","type":"product","link":"https:\/\/ozince.com\/magaza\/debriyaj-ve-sanziman-urunleri\/luk-621303009-opel-astra-h-z1-6xep-debriyaj-seti-easytronic\/","title":{"rendered":"LUK 621303009 OPEL ASTRA H Z1.6XEP DEBR\u0130YAJ SET\u0130 (EASYTRON\u0130C)"},"content":{"rendered":"<p>\u00dcR\u00dcN OPEL ASTRA H Z1.6XEP \/ MER\u0130VA A Z1.6XE &#8211; Z1.6XEP MODELLER\u0130NE UYGUNDUR.<\/p>\n","protected":false},"excerpt":{"rendered":"<p>\u00dcR\u00dcN OPEL ASTRA H Z1.6XEP \/ MER\u0130VA A Z1.6XE &#8211; Z1.6XEP MODELLER\u0130NE UYGUNDUR.<\/p>\n","protected":false},"featured_media":5935,"template":"","meta":[],"product_brand":[234],"product_cat":[347],"product_tag":[],"class_list":{"0":"post-5934","1":"product","2":"type-product","3":"status-publish","4":"has-post-thumbnail","6":"arac_markasi_modeli-astra-h","7":"arac_markasi_modeli-opel","8":"product_brand-luk","9":"product_cat-debriyaj-ve-sanziman-urunleri","11":"first","12":"instock","13":"taxable","14":"shipping-taxable","15":"purchasable","16":"product-type-simple"},"jetpack_sharing_enabled":true,"_links":{"self":[{"href":"https:\/\/ozince.com\/magaza\/wp-json\/wp\/v2\/product\/5934","targetHints":{"allow":["GET"]}}],"collection":[{"href":"https:\/\/ozince.com\/magaza\/wp-json\/wp\/v2\/product"}],"about":[{"href":"https:\/\/ozince.com\/magaza\/wp-json\/wp\/v2\/types\/product"}],"wp:featuredmedia":[{"embeddable":true,"href":"https:\/\/ozince.com\/magaza\/wp-json\/wp\/v2\/media\/5935"}],"wp:attachment":[{"href":"https:\/\/ozince.com\/magaza\/wp-json\/wp\/v2\/media?parent=5934"}],"wp:term":[{"taxonomy":"product_brand","embeddable":true,"href":"https:\/\/ozince.com\/magaza\/wp-json\/wp\/v2\/product_brand?post=5934"},{"taxonomy":"product_cat","embeddable":true,"href":"https:\/\/ozince.com\/magaza\/wp-json\/wp\/v2\/product_cat?post=5934"},{"taxonomy":"product_tag","embeddable":true,"href":"https:\/\/ozince.com\/magaza\/wp-json\/wp\/v2\/product_tag?post=5934"}],"curies":[{"name":"wp","href":"https:\/\/api.w.org\/{rel}","templated":true}]}}