{"id":5925,"date":"2025-09-08T11:49:35","date_gmt":"2025-09-08T08:49:35","guid":{"rendered":"https:\/\/ozince.com\/magaza\/urunler\/kategorilenmemis\/luk-620060500-opel-vectra-a-1-8-debriyaj-seti\/"},"modified":"2025-09-08T11:49:37","modified_gmt":"2025-09-08T08:49:37","slug":"luk-620060500-opel-vectra-a-1-8-debriyaj-seti","status":"publish","type":"product","link":"https:\/\/ozince.com\/magaza\/debriyaj-ve-sanziman-urunleri\/luk-620060500-opel-vectra-a-1-8-debriyaj-seti\/","title":{"rendered":"LUK 620060500 OPEL VECTRA A 1.8 DEBR\u0130YAJ SET\u0130"},"content":{"rendered":"<p>\u00dcR\u00dcN OPEL VECTRA A 1.8 MODEL\u0130NE UYGUNDUR.<\/p>\n","protected":false},"excerpt":{"rendered":"<p>\u00dcR\u00dcN OPEL VECTRA A 1.8 MODEL\u0130NE UYGUNDUR.<\/p>\n","protected":false},"featured_media":5926,"template":"","meta":[],"product_brand":[234],"product_cat":[347],"product_tag":[],"class_list":{"0":"post-5925","1":"product","2":"type-product","3":"status-publish","4":"has-post-thumbnail","6":"arac_markasi_modeli-opel","7":"arac_markasi_modeli-vectra-a","8":"product_brand-luk","9":"product_cat-debriyaj-ve-sanziman-urunleri","11":"first","12":"instock","13":"taxable","14":"shipping-taxable","15":"purchasable","16":"product-type-simple"},"jetpack_sharing_enabled":true,"_links":{"self":[{"href":"https:\/\/ozince.com\/magaza\/wp-json\/wp\/v2\/product\/5925","targetHints":{"allow":["GET"]}}],"collection":[{"href":"https:\/\/ozince.com\/magaza\/wp-json\/wp\/v2\/product"}],"about":[{"href":"https:\/\/ozince.com\/magaza\/wp-json\/wp\/v2\/types\/product"}],"wp:featuredmedia":[{"embeddable":true,"href":"https:\/\/ozince.com\/magaza\/wp-json\/wp\/v2\/media\/5926"}],"wp:attachment":[{"href":"https:\/\/ozince.com\/magaza\/wp-json\/wp\/v2\/media?parent=5925"}],"wp:term":[{"taxonomy":"product_brand","embeddable":true,"href":"https:\/\/ozince.com\/magaza\/wp-json\/wp\/v2\/product_brand?post=5925"},{"taxonomy":"product_cat","embeddable":true,"href":"https:\/\/ozince.com\/magaza\/wp-json\/wp\/v2\/product_cat?post=5925"},{"taxonomy":"product_tag","embeddable":true,"href":"https:\/\/ozince.com\/magaza\/wp-json\/wp\/v2\/product_tag?post=5925"}],"curies":[{"name":"wp","href":"https:\/\/api.w.org\/{rel}","templated":true}]}}