{"id":5921,"date":"2025-09-08T11:49:35","date_gmt":"2025-09-08T08:49:35","guid":{"rendered":"https:\/\/ozince.com\/magaza\/urunler\/kategorilenmemis\/gm-93185942-opel-corsa-c-1-3-dizel-debriyaj-seti-manuel-5-ileri\/"},"modified":"2025-09-08T11:49:36","modified_gmt":"2025-09-08T08:49:36","slug":"gm-93185942-opel-corsa-c-1-3-dizel-debriyaj-seti-manuel-5-ileri","status":"publish","type":"product","link":"https:\/\/ozince.com\/magaza\/debriyaj-ve-sanziman-urunleri\/gm-93185942-opel-corsa-c-1-3-dizel-debriyaj-seti-manuel-5-ileri\/","title":{"rendered":"GM 93185942 OPEL CORSA C 1.3 D\u0130ZEL DEBR\u0130YAJ SET\u0130 (MANUEL) 5 \u0130LER\u0130"},"content":{"rendered":"<p>\u00dcR\u00dcN OR\u0130J\u0130NALD\u0130R.<\/p>\n","protected":false},"excerpt":{"rendered":"<p>\u00dcR\u00dcN OR\u0130J\u0130NALD\u0130R.<\/p>\n","protected":false},"featured_media":5922,"template":"","meta":[],"product_brand":[286],"product_cat":[347],"product_tag":[],"class_list":{"0":"post-5921","1":"product","2":"type-product","3":"status-publish","4":"has-post-thumbnail","6":"arac_markasi_modeli-corsa-c","7":"arac_markasi_modeli-opel","8":"product_brand-gm","9":"product_cat-debriyaj-ve-sanziman-urunleri","11":"first","12":"instock","13":"taxable","14":"shipping-taxable","15":"purchasable","16":"product-type-simple"},"jetpack_sharing_enabled":true,"_links":{"self":[{"href":"https:\/\/ozince.com\/magaza\/wp-json\/wp\/v2\/product\/5921","targetHints":{"allow":["GET"]}}],"collection":[{"href":"https:\/\/ozince.com\/magaza\/wp-json\/wp\/v2\/product"}],"about":[{"href":"https:\/\/ozince.com\/magaza\/wp-json\/wp\/v2\/types\/product"}],"wp:featuredmedia":[{"embeddable":true,"href":"https:\/\/ozince.com\/magaza\/wp-json\/wp\/v2\/media\/5922"}],"wp:attachment":[{"href":"https:\/\/ozince.com\/magaza\/wp-json\/wp\/v2\/media?parent=5921"}],"wp:term":[{"taxonomy":"product_brand","embeddable":true,"href":"https:\/\/ozince.com\/magaza\/wp-json\/wp\/v2\/product_brand?post=5921"},{"taxonomy":"product_cat","embeddable":true,"href":"https:\/\/ozince.com\/magaza\/wp-json\/wp\/v2\/product_cat?post=5921"},{"taxonomy":"product_tag","embeddable":true,"href":"https:\/\/ozince.com\/magaza\/wp-json\/wp\/v2\/product_tag?post=5921"}],"curies":[{"name":"wp","href":"https:\/\/api.w.org\/{rel}","templated":true}]}}