{"id":5917,"date":"2025-09-08T11:49:35","date_gmt":"2025-09-08T08:49:35","guid":{"rendered":"https:\/\/ozince.com\/magaza\/urunler\/kategorilenmemis\/blueprint-adw1930104-opel-astra-j-corsa-d-1-3-dizel-debriyaj-seti-sabit-volant\/"},"modified":"2025-09-08T11:49:35","modified_gmt":"2025-09-08T08:49:35","slug":"blueprint-adw1930104-opel-astra-j-corsa-d-1-3-dizel-debriyaj-seti-sabit-volant","status":"publish","type":"product","link":"https:\/\/ozince.com\/magaza\/debriyaj-ve-sanziman-urunleri\/blueprint-adw1930104-opel-astra-j-corsa-d-1-3-dizel-debriyaj-seti-sabit-volant\/","title":{"rendered":"BLUEPRINT ADW1930104 OPEL ASTRA J &#8211; CORSA D 1.3 D\u0130ZEL DEBR\u0130YAJ SET\u0130 (SAB\u0130T VOLANT)"},"content":{"rendered":"<p>\u00dcR\u00dcN OPEL ASTRA J \/ CORSA D (A1.3DTE) (A1.3DTC) 1.3 D\u0130ZEL CHEVROLET AVEO T300 1.3 D\u0130ZEL MODELLER\u0130NE UYGUNDUR.<\/p>\n","protected":false},"excerpt":{"rendered":"<p>\u00dcR\u00dcN OPEL ASTRA J \/ CORSA D (A1.3DTE) (A1.3DTC) 1.3 D\u0130ZEL CHEVROLET AVEO T300 1.3 D\u0130ZEL MODELLER\u0130NE UYGUNDUR.<\/p>\n","protected":false},"featured_media":5918,"template":"","meta":[],"product_brand":[346],"product_cat":[347],"product_tag":[],"class_list":{"0":"post-5917","1":"product","2":"type-product","3":"status-publish","4":"has-post-thumbnail","6":"arac_markasi_modeli-astra-j","7":"arac_markasi_modeli-corsa-d","8":"arac_markasi_modeli-opel","9":"product_brand-blueprint","10":"product_cat-debriyaj-ve-sanziman-urunleri","12":"first","13":"instock","14":"taxable","15":"shipping-taxable","16":"purchasable","17":"product-type-simple"},"jetpack_sharing_enabled":true,"_links":{"self":[{"href":"https:\/\/ozince.com\/magaza\/wp-json\/wp\/v2\/product\/5917","targetHints":{"allow":["GET"]}}],"collection":[{"href":"https:\/\/ozince.com\/magaza\/wp-json\/wp\/v2\/product"}],"about":[{"href":"https:\/\/ozince.com\/magaza\/wp-json\/wp\/v2\/types\/product"}],"wp:featuredmedia":[{"embeddable":true,"href":"https:\/\/ozince.com\/magaza\/wp-json\/wp\/v2\/media\/5918"}],"wp:attachment":[{"href":"https:\/\/ozince.com\/magaza\/wp-json\/wp\/v2\/media?parent=5917"}],"wp:term":[{"taxonomy":"product_brand","embeddable":true,"href":"https:\/\/ozince.com\/magaza\/wp-json\/wp\/v2\/product_brand?post=5917"},{"taxonomy":"product_cat","embeddable":true,"href":"https:\/\/ozince.com\/magaza\/wp-json\/wp\/v2\/product_cat?post=5917"},{"taxonomy":"product_tag","embeddable":true,"href":"https:\/\/ozince.com\/magaza\/wp-json\/wp\/v2\/product_tag?post=5917"}],"curies":[{"name":"wp","href":"https:\/\/api.w.org\/{rel}","templated":true}]}}