{"id":5759,"date":"2025-08-29T22:16:10","date_gmt":"2025-08-29T19:16:10","guid":{"rendered":"https:\/\/ozince.com\/magaza\/urunler\/kategorilenmemis\/total-quartz-ineo-htc-5w-30-motor-yag-4-litre\/"},"modified":"2025-08-29T22:16:11","modified_gmt":"2025-08-29T19:16:11","slug":"total-quartz-ineo-htc-5w-30-motor-yag-4-litre","status":"publish","type":"product","link":"https:\/\/ozince.com\/magaza\/motor-yag-ve-kimyasal-sivi-urunleri\/total-quartz-ineo-htc-5w-30-motor-yag-4-litre\/","title":{"rendered":"TOTAL QUARTZ INEO HTC 5W-30 MOTOR YA\u011e 4 L\u0130TRE"},"content":{"rendered":"<p>D\u00fc\u015f\u00fck SAPS sentetik motor ya\u011f\u0131, PEUGEOT, CITRO\u00cbN ve DS motorlar\u0131 ve y\u00fcksek s\u0131cakl\u0131kl\u0131 \u00fclkelerde kullan\u0131m i\u00e7in \u00f6zel olarak \u00fcretilmi\u015ftir.<br \/>\nOlduk\u00e7a geli\u015fmi\u015f form\u00fclasyonu, sa\u011flaml\u0131\u011f\u0131n\u0131 \u00e7ok y\u00fcksek bir seviyeye \u00e7\u0131kard\u0131 ve<br \/>\nd\u00fc\u015f\u00fck h\u0131zda erken ate\u015fleme (LSPI) sorunlar\u0131n\u0131n \u00f6nlenmesi a\u00e7\u0131s\u0131ndan onu m\u00fckemmel bir se\u00e7im haline getirdi.<\/p>\n<p>Standartlar ve onaylar<br \/>\nUluslararas\u0131 s\u0131n\u0131fland\u0131rmalar<\/p>\n<p>ACEA C3<\/p>\n<p>API SN PLUS<\/p>\n<p>Onayl\u0131<\/p>\n<p>PSA B71 2290<\/p>\n<p>PSA B71 2297<\/p>\n","protected":false},"excerpt":{"rendered":"<p>D\u00fc\u015f\u00fck SAPS sentetik motor ya\u011f\u0131, PEUGEOT, CITRO\u00cbN ve DS motorlar\u0131 ve y\u00fcksek s\u0131cakl\u0131kl\u0131 \u00fclkelerde kullan\u0131m i\u00e7in \u00f6zel olarak \u00fcretilmi\u015ftir. Olduk\u00e7a geli\u015fmi\u015f form\u00fclasyonu, sa\u011flaml\u0131\u011f\u0131n\u0131 \u00e7ok y\u00fcksek bir seviyeye \u00e7\u0131kard\u0131 ve d\u00fc\u015f\u00fck h\u0131zda erken ate\u015fleme (LSPI) sorunlar\u0131n\u0131n \u00f6nlenmesi a\u00e7\u0131s\u0131ndan onu m\u00fckemmel bir se\u00e7im haline getirdi. Standartlar ve onaylar Uluslararas\u0131 s\u0131n\u0131fland\u0131rmalar ACEA C3 API SN PLUS Onayl\u0131 PSA<\/p>\n<div class=\"klb-readmore button\"><a class=\"btn link\" href=\"https:\/\/ozince.com\/magaza\/motor-yag-ve-kimyasal-sivi-urunleri\/total-quartz-ineo-htc-5w-30-motor-yag-4-litre\/\">Read More <i class=\"klbth-icon-right-arrow\"><\/i><\/a><\/div>\n","protected":false},"featured_media":5749,"template":"","meta":[],"product_brand":[345],"product_cat":[342],"product_tag":[],"class_list":{"0":"post-5759","1":"product","2":"type-product","3":"status-publish","4":"has-post-thumbnail","6":"arac_markasi_modeli-citroen","7":"arac_markasi_modeli-ds","8":"arac_markasi_modeli-opel","9":"arac_markasi_modeli-peugeot","10":"product_brand-total","11":"product_cat-motor-yag-ve-kimyasal-sivi-urunleri","13":"first","14":"instock","15":"taxable","16":"shipping-taxable","17":"purchasable","18":"product-type-simple"},"jetpack_sharing_enabled":true,"_links":{"self":[{"href":"https:\/\/ozince.com\/magaza\/wp-json\/wp\/v2\/product\/5759","targetHints":{"allow":["GET"]}}],"collection":[{"href":"https:\/\/ozince.com\/magaza\/wp-json\/wp\/v2\/product"}],"about":[{"href":"https:\/\/ozince.com\/magaza\/wp-json\/wp\/v2\/types\/product"}],"wp:featuredmedia":[{"embeddable":true,"href":"https:\/\/ozince.com\/magaza\/wp-json\/wp\/v2\/media\/5749"}],"wp:attachment":[{"href":"https:\/\/ozince.com\/magaza\/wp-json\/wp\/v2\/media?parent=5759"}],"wp:term":[{"taxonomy":"product_brand","embeddable":true,"href":"https:\/\/ozince.com\/magaza\/wp-json\/wp\/v2\/product_brand?post=5759"},{"taxonomy":"product_cat","embeddable":true,"href":"https:\/\/ozince.com\/magaza\/wp-json\/wp\/v2\/product_cat?post=5759"},{"taxonomy":"product_tag","embeddable":true,"href":"https:\/\/ozince.com\/magaza\/wp-json\/wp\/v2\/product_tag?post=5759"}],"curies":[{"name":"wp","href":"https:\/\/api.w.org\/{rel}","templated":true}]}}