{"id":5758,"date":"2025-08-29T22:16:10","date_gmt":"2025-08-29T19:16:10","guid":{"rendered":"https:\/\/ozince.com\/magaza\/urunler\/kategorilenmemis\/total-quartz-ineo-ecs-5w-30-motor-yag-4-litre\/"},"modified":"2025-08-29T22:16:11","modified_gmt":"2025-08-29T19:16:11","slug":"total-quartz-ineo-ecs-5w-30-motor-yag-4-litre","status":"publish","type":"product","link":"https:\/\/ozince.com\/magaza\/motor-yag-ve-kimyasal-sivi-urunleri\/total-quartz-ineo-ecs-5w-30-motor-yag-4-litre\/","title":{"rendered":"TOTAL QUARTZ INEO ECS 5W-30 MOTOR YA\u011e 4 L\u0130TRE"},"content":{"rendered":"<p>Total Quartz Ineo ECS 5W30 4LT Motor Ya\u011f\u0131 Acea C2<\/p>\n<p>Yeni Nesil Low SAPS Partik\u00fcl Filtresi Teknolojisi, \u00d6zellikle Peugeot ve Citroen Motorlar\u0131 \u0130\u00e7in Geli\u015ftirilmi\u015f Motor Ya\u011f\u0131d\u0131r.<br \/>\nY\u00fcksek Teknolojisi Sayesinde Yak\u0131t Tasarrufu Sa\u011flar, Dizel Partik\u00fcl Filtreleri Gibi Kirlilik \u00d6nleyici Sistemlerin Fonksiyonlar\u0131n\u0131 Optimize Eder.<\/p>\n<p>Psa B71 2290 Onayl\u0131d\u0131r.<\/p>\n<p>Fiat 9.55535-S1 Spesifikasyonu talep edildi\u011finde kullan\u0131ma uygundur.<\/p>\n<p>Iveco 18-1811 SC1 Spesifikasyonu talep edildi\u011finde kullan\u0131ma uygundur.<\/p>\n<p>Toyota \u0130\u00e7in Uyundur.<\/p>\n<p>Age-resistance teknolojisi, uzun vadede g\u00fcnl\u00fck zorluklarla m\u00fccadele etmek i\u00e7in \u00fcst\u00fcn motor korumas\u0131 sa\u011flar.<br \/>\nHem benzinli, hem de dizel motorlarda kullan\u0131lmak \u00fczere \u00fcretilmi\u015ftir.<br \/>\nYak\u0131t ekonomisi sa\u011flayan yeni nesil sentetik motor ya\u011f\u0131d\u0131r.<br \/>\nT\u00fcm dizel partik\u00fcl filtresinin ve buna ba\u011fl\u0131 di\u011fer sistemlerin fonksiyonel \u00e7al\u0131\u015fabilmesi i\u00e7in \u00f6nemlidir.<\/p>\n<p>T\u0130P : L-E-C<br \/>\nT\u00dcR : L-E-C2<br \/>\nC\u0130NS : D\u00d6RT MEVS\u0130M<br \/>\n\u00c7E\u015e\u0130T : 5W30<\/p>\n<p>EUH210 &#8211; Talep halinde g\u00fcvenlik bilgi formu sa\u011flanabilir.<\/p>\n<p>Total \u00fcr\u00fcnleri ile herhangi bir katk\u0131 maddesinin kullan\u0131lmas\u0131na gerek yoktur.<br \/>\nHer ya\u011f de\u011fi\u015fiminde ya\u011f filtresinin de de\u011fi\u015ftirilmesini tavsiye ederiz.<\/p>\n<p>ISO9001, ISO14001, IATF 16949, ISO\/IEC 17025 Kalite y\u00f6netim sistemi sertifikalar\u0131na sahiptir.<\/p>\n","protected":false},"excerpt":{"rendered":"<p>Total Quartz Ineo ECS 5W30 4LT Motor Ya\u011f\u0131 Acea C2 Yeni Nesil Low SAPS Partik\u00fcl Filtresi Teknolojisi, \u00d6zellikle Peugeot ve Citroen Motorlar\u0131 \u0130\u00e7in Geli\u015ftirilmi\u015f Motor Ya\u011f\u0131d\u0131r. Y\u00fcksek Teknolojisi Sayesinde Yak\u0131t Tasarrufu Sa\u011flar, Dizel Partik\u00fcl Filtreleri Gibi Kirlilik \u00d6nleyici Sistemlerin Fonksiyonlar\u0131n\u0131 Optimize Eder. Psa B71 2290 Onayl\u0131d\u0131r. Fiat 9.55535-S1 Spesifikasyonu talep edildi\u011finde kullan\u0131ma uygundur. Iveco 18-1811<\/p>\n<div class=\"klb-readmore button\"><a class=\"btn link\" href=\"https:\/\/ozince.com\/magaza\/motor-yag-ve-kimyasal-sivi-urunleri\/total-quartz-ineo-ecs-5w-30-motor-yag-4-litre\/\">Read More <i class=\"klbth-icon-right-arrow\"><\/i><\/a><\/div>\n","protected":false},"featured_media":5747,"template":"","meta":[],"product_brand":[345],"product_cat":[342],"product_tag":[],"class_list":{"0":"post-5758","1":"product","2":"type-product","3":"status-publish","4":"has-post-thumbnail","6":"arac_markasi_modeli-citroen","7":"arac_markasi_modeli-ds","8":"arac_markasi_modeli-opel","9":"arac_markasi_modeli-peugeot","10":"product_brand-total","11":"product_cat-motor-yag-ve-kimyasal-sivi-urunleri","13":"first","14":"instock","15":"taxable","16":"shipping-taxable","17":"purchasable","18":"product-type-simple"},"jetpack_sharing_enabled":true,"_links":{"self":[{"href":"https:\/\/ozince.com\/magaza\/wp-json\/wp\/v2\/product\/5758","targetHints":{"allow":["GET"]}}],"collection":[{"href":"https:\/\/ozince.com\/magaza\/wp-json\/wp\/v2\/product"}],"about":[{"href":"https:\/\/ozince.com\/magaza\/wp-json\/wp\/v2\/types\/product"}],"wp:featuredmedia":[{"embeddable":true,"href":"https:\/\/ozince.com\/magaza\/wp-json\/wp\/v2\/media\/5747"}],"wp:attachment":[{"href":"https:\/\/ozince.com\/magaza\/wp-json\/wp\/v2\/media?parent=5758"}],"wp:term":[{"taxonomy":"product_brand","embeddable":true,"href":"https:\/\/ozince.com\/magaza\/wp-json\/wp\/v2\/product_brand?post=5758"},{"taxonomy":"product_cat","embeddable":true,"href":"https:\/\/ozince.com\/magaza\/wp-json\/wp\/v2\/product_cat?post=5758"},{"taxonomy":"product_tag","embeddable":true,"href":"https:\/\/ozince.com\/magaza\/wp-json\/wp\/v2\/product_tag?post=5758"}],"curies":[{"name":"wp","href":"https:\/\/api.w.org\/{rel}","templated":true}]}}