{"id":5757,"date":"2025-08-29T22:16:10","date_gmt":"2025-08-29T19:16:10","guid":{"rendered":"https:\/\/ozince.com\/magaza\/urunler\/kategorilenmemis\/mobil-super-3000-x1-formula-fe-5w30-motor-yag-4-litre\/"},"modified":"2025-08-29T22:16:11","modified_gmt":"2025-08-29T19:16:11","slug":"mobil-super-3000-x1-formula-fe-5w30-motor-yag-4-litre","status":"publish","type":"product","link":"https:\/\/ozince.com\/magaza\/motor-yag-ve-kimyasal-sivi-urunleri\/mobil-super-3000-x1-formula-fe-5w30-motor-yag-4-litre\/","title":{"rendered":"MOB\u0130L SUPER 3000 X1 FORMULA FE 5W30 MOTOR YA\u011e 4 L\u0130TRE"},"content":{"rendered":"<p>\u00d6zellikleri ve Faydalar\u0131<\/p>\n<p>Mobil Super\u2122 3000 X1 Formula FE 5W-30 \u015funlar\u0131 sa\u011flar:<\/p>\n<p>\u00dcst\u00fcn y\u00fcksek s\u0131cakl\u0131k korumas\u0131<\/p>\n<p>\u00dcst\u00fcn so\u011fuk ilk \u00e7al\u0131\u015ft\u0131rma performans\u0131<\/p>\n<p>\u00dcst\u00fcn motor temizli\u011fi ve \u00e7amur \u00f6nleme<\/p>\n<p>Geli\u015ftirilmi\u015f a\u015f\u0131nma korumas\u0131<\/p>\n<p>Yak\u0131t tasarrufuna yard\u0131mc\u0131 olur (ACEA A5\/B5 uyar\u0131nca)<\/p>\n<p>Dizel ve benzinli binek ara\u00e7larda ve hafif ticari ara\u00e7lar ile kamyonetlerde kullan\u0131ma uygundur.<\/p>\n<p>Kullan\u0131m Yerleri<\/p>\n<p>Mobil Super 3000 X1 Formula FE 5W-30 ya\u011f\u0131 s\u0131k kar\u015f\u0131la\u015f\u0131lan y\u00fcksek motor geriliminin neden oldu\u011fu hasarla m\u00fccadeleye yard\u0131mc\u0131 olabilece\u011fi zorlu \u00e7al\u0131\u015fma \u015fartlar\u0131 ile s\u00fcrekli olarak kar\u015f\u0131la\u015f\u0131yorsan\u0131z \u00f6nerilmektedir.<\/p>\n<p>Mobil Super 3000 X1 Formula FE 5W-30, d\u00fc\u015f\u00fck viskoziteli Y\u00fcksek S\u0131cakl\u0131kta Y\u00fcksek Kesme Diren\u00e7li (HTHS) motor ya\u011f\u0131 kullan\u0131m\u0131 i\u00e7in tasarlanan \u00e7e\u015fitli benzinli ve dizel otomobillerde, hafif kamyonlarda ve kamyonetlerde kullan\u0131labilir.<\/p>\n<p>Mobil Super 3000 X1 Formula FE 5W-30, WSS-M2C913-D\/C gerektiren t\u00fcm motorlarda \u00f6ncelikle Ford\u2019un gerekliliklerini kar\u015f\u0131lamak \u00fczere tasarlanm\u0131\u015ft\u0131r ve ayr\u0131ca viskozite ve kalite taleplerinin uygun oldu\u011fu Jaguar ve Land Rover ara\u00e7lar\u0131nda da kullan\u0131ma uygundur.<\/p>\n","protected":false},"excerpt":{"rendered":"<p>\u00d6zellikleri ve Faydalar\u0131 Mobil Super\u2122 3000 X1 Formula FE 5W-30 \u015funlar\u0131 sa\u011flar: \u00dcst\u00fcn y\u00fcksek s\u0131cakl\u0131k korumas\u0131 \u00dcst\u00fcn so\u011fuk ilk \u00e7al\u0131\u015ft\u0131rma performans\u0131 \u00dcst\u00fcn motor temizli\u011fi ve \u00e7amur \u00f6nleme Geli\u015ftirilmi\u015f a\u015f\u0131nma korumas\u0131 Yak\u0131t tasarrufuna yard\u0131mc\u0131 olur (ACEA A5\/B5 uyar\u0131nca) Dizel ve benzinli binek ara\u00e7larda ve hafif ticari ara\u00e7lar ile kamyonetlerde kullan\u0131ma uygundur. Kullan\u0131m Yerleri Mobil Super 3000<\/p>\n<div class=\"klb-readmore button\"><a class=\"btn link\" href=\"https:\/\/ozince.com\/magaza\/motor-yag-ve-kimyasal-sivi-urunleri\/mobil-super-3000-x1-formula-fe-5w30-motor-yag-4-litre\/\">Read More <i class=\"klbth-icon-right-arrow\"><\/i><\/a><\/div>\n","protected":false},"featured_media":5745,"template":"","meta":[],"product_brand":[344],"product_cat":[342],"product_tag":[],"class_list":{"0":"post-5757","1":"product","2":"type-product","3":"status-publish","4":"has-post-thumbnail","6":"arac_markasi_modeli-citroen","7":"arac_markasi_modeli-ds","8":"arac_markasi_modeli-opel","9":"arac_markasi_modeli-peugeot","10":"product_brand-mobil","11":"product_cat-motor-yag-ve-kimyasal-sivi-urunleri","13":"first","14":"instock","15":"taxable","16":"shipping-taxable","17":"purchasable","18":"product-type-simple"},"jetpack_sharing_enabled":true,"_links":{"self":[{"href":"https:\/\/ozince.com\/magaza\/wp-json\/wp\/v2\/product\/5757","targetHints":{"allow":["GET"]}}],"collection":[{"href":"https:\/\/ozince.com\/magaza\/wp-json\/wp\/v2\/product"}],"about":[{"href":"https:\/\/ozince.com\/magaza\/wp-json\/wp\/v2\/types\/product"}],"wp:featuredmedia":[{"embeddable":true,"href":"https:\/\/ozince.com\/magaza\/wp-json\/wp\/v2\/media\/5745"}],"wp:attachment":[{"href":"https:\/\/ozince.com\/magaza\/wp-json\/wp\/v2\/media?parent=5757"}],"wp:term":[{"taxonomy":"product_brand","embeddable":true,"href":"https:\/\/ozince.com\/magaza\/wp-json\/wp\/v2\/product_brand?post=5757"},{"taxonomy":"product_cat","embeddable":true,"href":"https:\/\/ozince.com\/magaza\/wp-json\/wp\/v2\/product_cat?post=5757"},{"taxonomy":"product_tag","embeddable":true,"href":"https:\/\/ozince.com\/magaza\/wp-json\/wp\/v2\/product_tag?post=5757"}],"curies":[{"name":"wp","href":"https:\/\/api.w.org\/{rel}","templated":true}]}}