{"id":5754,"date":"2025-08-29T22:16:10","date_gmt":"2025-08-29T19:16:10","guid":{"rendered":"https:\/\/ozince.com\/magaza\/urunler\/kategorilenmemis\/liqui-moly-top-tec-4300-5w-30-motor-yag-5-litre\/"},"modified":"2025-08-29T22:16:10","modified_gmt":"2025-08-29T19:16:10","slug":"liqui-moly-top-tec-4300-5w-30-motor-yag-5-litre","status":"publish","type":"product","link":"https:\/\/ozince.com\/magaza\/motor-yag-ve-kimyasal-sivi-urunleri\/liqui-moly-top-tec-4300-5w-30-motor-yag-5-litre\/","title":{"rendered":"LIQUI MOLY TOP TEC 4300 5W-30 MOTOR YA\u011e 5 L\u0130TRE"},"content":{"rendered":"<p>TOP TEC 4300 5W30<\/p>\n<p>Motor Ya\u011f\u0131 5 Litre (2324)<\/p>\n<p> Benzinli ve dizel modern motorlar\u0131n tamam\u0131nda kullan\u0131labilen,<\/p>\n<p>ileri teknoloji katk\u0131lar ile g\u00fc\u00e7lendirilmi\u015f uzun \u00f6m\u00fcrl\u00fc sentetik motor ya\u011f\u0131.<\/p>\n<p>3. neslin sentez teknolojisine dayanan y\u00fcksek kaliteli d\u00fc\u015f\u00fck viskoziteli motor ya\u011f\u0131,  motoru m\u00fckemmel temizler, maximum performans\u0131 garanti eder.<\/p>\n<p>Avrupa&#8217;n\u0131n en zorlu t\u00fcketim testlerinde (CEC-L-54-T-96 \/ MB M 111) yak\u0131t t\u00fcketimini, belirtilen referans ya\u011fa k\u0131yasla %2,5&#8217;ten daha fazla oranda azaltt\u0131\u011f\u0131 belirlenmi\u015ftir.<\/p>\n<p>Dizel partik\u00fcl filtresinin i\u015fler kalmas\u0131n\u0131 sa\u011flar ve maksimum \u00f6m\u00fcr sunar.<\/p>\n<p>Mar\u015f esnas\u0131nda h\u0131zl\u0131 ya\u011flanma ve g\u00fcnl\u00fck kullan\u0131mda minimum s\u00fcrt\u00fcnme sayesinde motorun \u00f6mr\u00fc uzar.<\/p>\n<p>Ara\u00e7 \u00fcreticilerinin tavsiyelerine ba\u011fl\u0131 olarak 40,000 km&#8217;e veya d\u00fc\u015f\u00fck kilometre yapan s\u00fcr\u00fcc\u00fcler i\u00e7in 2 seneye varan uzun ya\u011f de\u011fi\u015fim aral\u0131klar\u0131 sa\u011flar.<\/p>\n<p>Gazl\u0131 (LPG \/ CNG) binek ara\u00e7lar i\u00e7in uygundur.<\/p>\n<p>Turbo ve Katalitik Konvert\u00f6rl\u00fc ara\u00e7lar i\u00e7in uygundur.<\/p>\n<p>Dizel Partik\u00fcl Filtreli (DPF) ara\u00e7larda kullan\u0131labilir.<\/p>\n<p>Kullan\u0131m \u00d6zellikleri ve Faydalar\u0131<\/p>\n<p>Motorun yumu\u015fak \u00e7al\u0131\u015fmas\u0131n\u0131 sa\u011flar<\/p>\n<p>A\u015f\u0131nmaya kar\u015f\u0131 ola\u011fan\u00fcst\u00fc korumas\u0131 nedeniyle uzun motor \u00f6mr\u00fc sa\u011flar<\/p>\n<p>D\u00fc\u015f\u00fck s\u0131cakl\u0131klarda h\u0131zl\u0131 ya\u011flama sa\u011flar<\/p>\n<p>Her motor devrinde uygun ya\u011f bas\u0131nc\u0131 sa\u011flar<\/p>\n<p>D\u00fc\u015f\u00fck ve y\u00fcksek s\u0131cakl\u0131klarda ya\u011flaman\u0131n g\u00fcvenilir seviyede olmas\u0131n\u0131 sa\u011flar<\/p>\n<p>Uzun \u00f6m\u00fcrl\u00fcd\u00fcr<\/p>\n<p>Yak\u0131t t\u00fcketimini ve egzoz emisyonunu azalt\u0131r<\/p>\n<p>\u00c7ok iyi motor temizli\u011fi sa\u011flar<\/p>\n<p>PEUGEOT, C\u0130TROEN, HONDA, TOYOTA ve F\u0130AT marka ara\u00e7lar i\u00e7in \u00e7ok uygun.<\/p>\n<p>ONAYLAR <\/p>\n<p>ACEA C2<\/p>\n<p>ACEA C3<\/p>\n<p>API SP<\/p>\n<p>MB-Approval 226.52<\/p>\n<p>MB-Approval 229.52<\/p>\n<p>Peugeot Citroen (PSA) B71 2290<\/p>\n<p>Renault RN 17<\/p>\n<p>LIQUI MOLY a\u015fa\u011f\u0131daki \u00f6zelliklere sahip ara\u00e7lar i\u00e7in bu \u00fcr\u00fcn\u00fc tavsiye ediyor: <\/p>\n<p>Fiat 9.55535-S1<\/p>\n<p>Honda<\/p>\n<p>Hyundai<\/p>\n<p>Infiniti<\/p>\n<p>Kia<\/p>\n<p>Lexus<\/p>\n<p>MB 229.31<\/p>\n<p>MB 229.51<\/p>\n<p>Mitsubishi<\/p>\n<p>Nissan<\/p>\n<p>Renault RN 0700*<\/p>\n<p>Renault RN 0710*,<\/p>\n<p>Suzuki<\/p>\n<p>Subaru<\/p>\n<p>Toyota<\/p>\n<p>*except Renault Sport\/Alpine<\/p>\n","protected":false},"excerpt":{"rendered":"<p>TOP TEC 4300 5W30 Motor Ya\u011f\u0131 5 Litre (2324) Benzinli ve dizel modern motorlar\u0131n tamam\u0131nda kullan\u0131labilen, ileri teknoloji katk\u0131lar ile g\u00fc\u00e7lendirilmi\u015f uzun \u00f6m\u00fcrl\u00fc sentetik motor ya\u011f\u0131. 3. neslin sentez teknolojisine dayanan y\u00fcksek kaliteli d\u00fc\u015f\u00fck viskoziteli motor ya\u011f\u0131, motoru m\u00fckemmel temizler, maximum performans\u0131 garanti eder. Avrupa&#8217;n\u0131n en zorlu t\u00fcketim testlerinde (CEC-L-54-T-96 \/ MB M 111) yak\u0131t<\/p>\n<div class=\"klb-readmore button\"><a class=\"btn link\" href=\"https:\/\/ozince.com\/magaza\/motor-yag-ve-kimyasal-sivi-urunleri\/liqui-moly-top-tec-4300-5w-30-motor-yag-5-litre\/\">Read More <i class=\"klbth-icon-right-arrow\"><\/i><\/a><\/div>\n","protected":false},"featured_media":5739,"template":"","meta":[],"product_brand":[343],"product_cat":[342],"product_tag":[],"class_list":{"0":"post-5754","1":"product","2":"type-product","3":"status-publish","4":"has-post-thumbnail","6":"arac_markasi_modeli-citroen","7":"arac_markasi_modeli-ds","8":"arac_markasi_modeli-opel","9":"arac_markasi_modeli-peugeot","10":"product_brand-liqui-moly","11":"product_cat-motor-yag-ve-kimyasal-sivi-urunleri","13":"first","14":"instock","15":"taxable","16":"shipping-taxable","17":"purchasable","18":"product-type-simple"},"jetpack_sharing_enabled":true,"_links":{"self":[{"href":"https:\/\/ozince.com\/magaza\/wp-json\/wp\/v2\/product\/5754","targetHints":{"allow":["GET"]}}],"collection":[{"href":"https:\/\/ozince.com\/magaza\/wp-json\/wp\/v2\/product"}],"about":[{"href":"https:\/\/ozince.com\/magaza\/wp-json\/wp\/v2\/types\/product"}],"wp:featuredmedia":[{"embeddable":true,"href":"https:\/\/ozince.com\/magaza\/wp-json\/wp\/v2\/media\/5739"}],"wp:attachment":[{"href":"https:\/\/ozince.com\/magaza\/wp-json\/wp\/v2\/media?parent=5754"}],"wp:term":[{"taxonomy":"product_brand","embeddable":true,"href":"https:\/\/ozince.com\/magaza\/wp-json\/wp\/v2\/product_brand?post=5754"},{"taxonomy":"product_cat","embeddable":true,"href":"https:\/\/ozince.com\/magaza\/wp-json\/wp\/v2\/product_cat?post=5754"},{"taxonomy":"product_tag","embeddable":true,"href":"https:\/\/ozince.com\/magaza\/wp-json\/wp\/v2\/product_tag?post=5754"}],"curies":[{"name":"wp","href":"https:\/\/api.w.org\/{rel}","templated":true}]}}