{"id":5753,"date":"2025-08-29T22:16:10","date_gmt":"2025-08-29T19:16:10","guid":{"rendered":"https:\/\/ozince.com\/magaza\/urunler\/kategorilenmemis\/liqui-moly-special-tec-dx1-5w-30-motor-yag-4-litre\/"},"modified":"2025-08-29T22:16:10","modified_gmt":"2025-08-29T19:16:10","slug":"liqui-moly-special-tec-dx1-5w-30-motor-yag-4-litre","status":"publish","type":"product","link":"https:\/\/ozince.com\/magaza\/motor-yag-ve-kimyasal-sivi-urunleri\/liqui-moly-special-tec-dx1-5w-30-motor-yag-4-litre\/","title":{"rendered":"LIQUI MOLY SPEC\u0130AL TEC DX1 5W-30 MOTOR YA\u011e 4 L\u0130TRE"},"content":{"rendered":"<p>Liqui Moly Special Tec DX1 5W30 Motor Ya\u011f\u0131 4 Litre<\/p>\n<p>Sentetik teknolojiye dayanan y\u00fcksek teknolojili d\u00fc\u015f\u00fck s\u00fcrt\u00fcnmeli motor ya\u011f\u0131.<br \/>\nYak\u0131t t\u00fcketimini optimize eder.<br \/>\nA\u015f\u0131nmaya kar\u015f\u0131 optimum koruma ve ola\u011fan\u00fcst\u00fc motor temizli\u011fi sa\u011flar.<br \/>\nYenilik\u00e7i katk\u0131 teknolojisi, d\u00fc\u015f\u00fck k\u00fcl i\u00e7eri\u011fine (LSPI) uyum sa\u011flar ve en zorlu taleplere bile uygun olan bu motor \u00f6mr\u00fc sa\u011flamakta destek olur.<br \/>\nUzun ya\u011f de\u011fi\u015fim aral\u0131klar\u0131 ve motor \u00fczerindeki y\u00fcksek temizleme etkisi ile ideal.<\/p>\n<p>Kullan\u0131m \u00d6zellikleri ve Faydalar\u0131<\/p>\n<p>Benzinli GM ve Opel ara\u00e7lar\u0131 i\u00e7in \u00f6zel olarak geli\u015ftirilmi\u015ftir.<br \/>\n\u00d6zellikle Benzinli Turbo ara\u00e7lara tavsiye edilmektedir.<\/p>\n<p>Chrysler, Ford, Kia, Honda, Hyundai, Mazda, Nissan, Toyota vb. gibi di\u011fer ara\u00e7 \u00fcreticileri baz\u0131 modelleri i\u00e7in bu spesifikasyona sahip ya\u011flar\u0131 \u00f6nerir.<br \/>\nSpecial Tec DX1 5W-30, Avrupa ve Asya\u2019n\u0131n yan\u0131 s\u0131ra Pasifik ve Hindistan\u2019da da kullan\u0131labilir.<\/p>\n<p>Performans Seviyeleri ve Ara\u00e7 \u00dcreticisi Onaylar\u0131<\/p>\n<p>API SP<br \/>\nILSAC GF-6A<\/p>\n<p>LIQUI MOLY a\u015fa\u011f\u0131daki \u00f6zelliklere sahip motorlar i\u00e7in bu \u00fcr\u00fcn\u00fc tavsiye ediyor:<\/p>\n<p>API SN +RC<br \/>\nChrysler<br \/>\nFiat 9.55535-CR1<br \/>\nFord WSS-M2C 946-A<br \/>\nFord WSS-M2C 946-B1<br \/>\nFord WSS-M2C 961-A1<br \/>\nGM Dexos 1\u2122 Gen 3<br \/>\nGMV<br \/>\nHAVAL<br \/>\nHonda<br \/>\nHyundai<br \/>\nKia<br \/>\nMazda<br \/>\nNissan<br \/>\nToyota<br \/>\nWuling<\/p>\n<p>Teknik Spesifikasyon Formu<br \/>\nG\u00fcvenlik Sertifikas\u0131 (MSDS)<\/p>\n","protected":false},"excerpt":{"rendered":"<p>Liqui Moly Special Tec DX1 5W30 Motor Ya\u011f\u0131 4 Litre Sentetik teknolojiye dayanan y\u00fcksek teknolojili d\u00fc\u015f\u00fck s\u00fcrt\u00fcnmeli motor ya\u011f\u0131. Yak\u0131t t\u00fcketimini optimize eder. A\u015f\u0131nmaya kar\u015f\u0131 optimum koruma ve ola\u011fan\u00fcst\u00fc motor temizli\u011fi sa\u011flar. Yenilik\u00e7i katk\u0131 teknolojisi, d\u00fc\u015f\u00fck k\u00fcl i\u00e7eri\u011fine (LSPI) uyum sa\u011flar ve en zorlu taleplere bile uygun olan bu motor \u00f6mr\u00fc sa\u011flamakta destek olur. Uzun<\/p>\n<div class=\"klb-readmore button\"><a class=\"btn link\" href=\"https:\/\/ozince.com\/magaza\/motor-yag-ve-kimyasal-sivi-urunleri\/liqui-moly-special-tec-dx1-5w-30-motor-yag-4-litre\/\">Read More <i class=\"klbth-icon-right-arrow\"><\/i><\/a><\/div>\n","protected":false},"featured_media":5737,"template":"","meta":[],"product_brand":[343],"product_cat":[342],"product_tag":[],"class_list":{"0":"post-5753","1":"product","2":"type-product","3":"status-publish","4":"has-post-thumbnail","6":"arac_markasi_modeli-citroen","7":"arac_markasi_modeli-ds","8":"arac_markasi_modeli-opel","9":"arac_markasi_modeli-peugeot","10":"product_brand-liqui-moly","11":"product_cat-motor-yag-ve-kimyasal-sivi-urunleri","13":"first","14":"instock","15":"taxable","16":"shipping-taxable","17":"purchasable","18":"product-type-simple"},"jetpack_sharing_enabled":true,"_links":{"self":[{"href":"https:\/\/ozince.com\/magaza\/wp-json\/wp\/v2\/product\/5753","targetHints":{"allow":["GET"]}}],"collection":[{"href":"https:\/\/ozince.com\/magaza\/wp-json\/wp\/v2\/product"}],"about":[{"href":"https:\/\/ozince.com\/magaza\/wp-json\/wp\/v2\/types\/product"}],"wp:featuredmedia":[{"embeddable":true,"href":"https:\/\/ozince.com\/magaza\/wp-json\/wp\/v2\/media\/5737"}],"wp:attachment":[{"href":"https:\/\/ozince.com\/magaza\/wp-json\/wp\/v2\/media?parent=5753"}],"wp:term":[{"taxonomy":"product_brand","embeddable":true,"href":"https:\/\/ozince.com\/magaza\/wp-json\/wp\/v2\/product_brand?post=5753"},{"taxonomy":"product_cat","embeddable":true,"href":"https:\/\/ozince.com\/magaza\/wp-json\/wp\/v2\/product_cat?post=5753"},{"taxonomy":"product_tag","embeddable":true,"href":"https:\/\/ozince.com\/magaza\/wp-json\/wp\/v2\/product_tag?post=5753"}],"curies":[{"name":"wp","href":"https:\/\/api.w.org\/{rel}","templated":true}]}}