{"id":5751,"date":"2025-08-29T22:16:10","date_gmt":"2025-08-29T19:16:10","guid":{"rendered":"https:\/\/ozince.com\/magaza\/urunler\/kategorilenmemis\/eurorepar-antifriz-1-5-litre-kirmizi-37-derece\/"},"modified":"2025-08-29T22:16:10","modified_gmt":"2025-08-29T19:16:10","slug":"eurorepar-antifriz-1-5-litre-kirmizi-37-derece","status":"publish","type":"product","link":"https:\/\/ozince.com\/magaza\/motor-yag-ve-kimyasal-sivi-urunleri\/eurorepar-antifriz-1-5-litre-kirmizi-37-derece\/","title":{"rendered":"EUROREPAR ANT\u0130FR\u0130Z 1.5 L\u0130TRE KIRMIZI -37 DERECE"},"content":{"rendered":"<p>Antifriz K\u0131rm\u0131z\u0131 Organik 1,5 Litre -37\u00b0C Eurorepar, ara\u00e7lar\u0131n so\u011futma sistemlerinde uzun s\u00fcreli performans ve<br \/>\nkoruma sunan bir \u00fcr\u00fcnd\u00fcr. -37\u00b0C&#8217;ye kadar donma korumas\u0131 sa\u011flar ve s\u0131cak havalarda da motorun verimli<br \/>\n\u015fekilde so\u011fumas\u0131na yard\u0131mc\u0131 olur. Pas, kire\u00e7lenme, a\u015f\u0131nma ve korozyona kar\u015f\u0131 etkili olan bu k\u0131rm\u0131z\u0131 antifriz,<br \/>\norganik yap\u0131s\u0131yla motor bile\u015fenleri \u00fczerinde koruyucu bir tabaka olu\u015fturarak motor \u00f6mr\u00fcn\u00fc uzat\u0131r. T\u00fcm ara\u00e7<br \/>\ntiplerine uyumludur ve yeni nesil ara\u00e7lar\u0131n gereksinimlerine uygun olarak geli\u015ftirilmi\u015ftir.<\/p>\n","protected":false},"excerpt":{"rendered":"<p>Antifriz K\u0131rm\u0131z\u0131 Organik 1,5 Litre -37\u00b0C Eurorepar, ara\u00e7lar\u0131n so\u011futma sistemlerinde uzun s\u00fcreli performans ve koruma sunan bir \u00fcr\u00fcnd\u00fcr. -37\u00b0C&#8217;ye kadar donma korumas\u0131 sa\u011flar ve s\u0131cak havalarda da motorun verimli \u015fekilde so\u011fumas\u0131na yard\u0131mc\u0131 olur. Pas, kire\u00e7lenme, a\u015f\u0131nma ve korozyona kar\u015f\u0131 etkili olan bu k\u0131rm\u0131z\u0131 antifriz, organik yap\u0131s\u0131yla motor bile\u015fenleri \u00fczerinde koruyucu bir tabaka olu\u015fturarak motor \u00f6mr\u00fcn\u00fc<\/p>\n<div class=\"klb-readmore button\"><a class=\"btn link\" href=\"https:\/\/ozince.com\/magaza\/motor-yag-ve-kimyasal-sivi-urunleri\/eurorepar-antifriz-1-5-litre-kirmizi-37-derece\/\">Read More <i class=\"klbth-icon-right-arrow\"><\/i><\/a><\/div>\n","protected":false},"featured_media":5733,"template":"","meta":[],"product_brand":[341],"product_cat":[342],"product_tag":[],"class_list":{"0":"post-5751","1":"product","2":"type-product","3":"status-publish","4":"has-post-thumbnail","6":"arac_markasi_modeli-citroen","7":"arac_markasi_modeli-ds","8":"arac_markasi_modeli-opel","9":"arac_markasi_modeli-peugeot","10":"product_brand-eurorepar","11":"product_cat-motor-yag-ve-kimyasal-sivi-urunleri","13":"first","14":"instock","15":"taxable","16":"shipping-taxable","17":"purchasable","18":"product-type-simple"},"jetpack_sharing_enabled":true,"_links":{"self":[{"href":"https:\/\/ozince.com\/magaza\/wp-json\/wp\/v2\/product\/5751","targetHints":{"allow":["GET"]}}],"collection":[{"href":"https:\/\/ozince.com\/magaza\/wp-json\/wp\/v2\/product"}],"about":[{"href":"https:\/\/ozince.com\/magaza\/wp-json\/wp\/v2\/types\/product"}],"wp:featuredmedia":[{"embeddable":true,"href":"https:\/\/ozince.com\/magaza\/wp-json\/wp\/v2\/media\/5733"}],"wp:attachment":[{"href":"https:\/\/ozince.com\/magaza\/wp-json\/wp\/v2\/media?parent=5751"}],"wp:term":[{"taxonomy":"product_brand","embeddable":true,"href":"https:\/\/ozince.com\/magaza\/wp-json\/wp\/v2\/product_brand?post=5751"},{"taxonomy":"product_cat","embeddable":true,"href":"https:\/\/ozince.com\/magaza\/wp-json\/wp\/v2\/product_cat?post=5751"},{"taxonomy":"product_tag","embeddable":true,"href":"https:\/\/ozince.com\/magaza\/wp-json\/wp\/v2\/product_tag?post=5751"}],"curies":[{"name":"wp","href":"https:\/\/api.w.org\/{rel}","templated":true}]}}