{"id":5507,"date":"2025-08-25T16:26:53","date_gmt":"2025-08-25T13:26:53","guid":{"rendered":"https:\/\/ozince.com\/magaza\/urun\/wahler-414401-92d-opel-vectra-a-2-0-termostat\/"},"modified":"2025-08-27T13:10:06","modified_gmt":"2025-08-27T10:10:06","slug":"wahler-414401-92d-opel-vectra-a-2-0-termostat","status":"publish","type":"product","link":"https:\/\/ozince.com\/magaza\/motor-sogutma-ve-radyator-urunleri\/wahler-414401-92d-opel-vectra-a-2-0-termostat\/","title":{"rendered":"WAHLER 414401.92D OPEL VECTRA A 2.0 TERMOSTAT"},"content":{"rendered":"<p>\u00dcR\u00dcN OPEL VECTRA A 2.0 BENZ\u0130NL\u0130 MODEL\u0130NE UYGUNDUR. <\/p>\n<p>TEKN\u0130K B\u0130LG\u0130 <\/p>\n<p>A\u00c7MA SICAKLI\u011eI: 92 DERECE <\/p>\n<p>S\u0130PAR\u0130\u015e VERMEDEN \u00d6NCE \u015eASE NUMARANIZ \u0130LE TEY\u0130T ETT\u0130R\u0130N\u0130Z.<\/p>\n","protected":false},"excerpt":{"rendered":"<p>\u00dcR\u00dcN OPEL VECTRA A 2.0 BENZ\u0130NL\u0130 MODEL\u0130NE UYGUNDUR. TEKN\u0130K B\u0130LG\u0130 A\u00c7MA SICAKLI\u011eI: 92 DERECE S\u0130PAR\u0130\u015e VERMEDEN \u00d6NCE \u015eASE NUMARANIZ \u0130LE TEY\u0130T ETT\u0130R\u0130N\u0130Z.<\/p>\n","protected":false},"featured_media":5508,"template":"","meta":[],"product_brand":[339],"product_cat":[324],"product_tag":[],"class_list":{"0":"post-5507","1":"product","2":"type-product","3":"status-publish","4":"has-post-thumbnail","6":"arac_markasi_modeli-opel","7":"arac_markasi_modeli-vectra-a","8":"product_brand-wahler","9":"product_cat-motor-sogutma-ve-radyator-urunleri","11":"first","12":"instock","13":"featured","14":"taxable","15":"shipping-taxable","16":"purchasable","17":"product-type-simple"},"jetpack_sharing_enabled":true,"_links":{"self":[{"href":"https:\/\/ozince.com\/magaza\/wp-json\/wp\/v2\/product\/5507","targetHints":{"allow":["GET"]}}],"collection":[{"href":"https:\/\/ozince.com\/magaza\/wp-json\/wp\/v2\/product"}],"about":[{"href":"https:\/\/ozince.com\/magaza\/wp-json\/wp\/v2\/types\/product"}],"wp:featuredmedia":[{"embeddable":true,"href":"https:\/\/ozince.com\/magaza\/wp-json\/wp\/v2\/media\/5508"}],"wp:attachment":[{"href":"https:\/\/ozince.com\/magaza\/wp-json\/wp\/v2\/media?parent=5507"}],"wp:term":[{"taxonomy":"product_brand","embeddable":true,"href":"https:\/\/ozince.com\/magaza\/wp-json\/wp\/v2\/product_brand?post=5507"},{"taxonomy":"product_cat","embeddable":true,"href":"https:\/\/ozince.com\/magaza\/wp-json\/wp\/v2\/product_cat?post=5507"},{"taxonomy":"product_tag","embeddable":true,"href":"https:\/\/ozince.com\/magaza\/wp-json\/wp\/v2\/product_tag?post=5507"}],"curies":[{"name":"wp","href":"https:\/\/api.w.org\/{rel}","templated":true}]}}