{"id":5493,"date":"2025-08-25T16:26:53","date_gmt":"2025-08-25T13:26:53","guid":{"rendered":"https:\/\/ozince.com\/magaza\/urun\/vernet-th6171-92j-opel-corsa-b-astra-f-1-4-1-6-16v-termostat\/"},"modified":"2025-08-25T16:26:56","modified_gmt":"2025-08-25T13:26:56","slug":"vernet-th6171-92j-opel-corsa-b-astra-f-1-4-1-6-16v-termostat","status":"publish","type":"product","link":"https:\/\/ozince.com\/magaza\/motor-sogutma-ve-radyator-urunleri\/vernet-th6171-92j-opel-corsa-b-astra-f-1-4-1-6-16v-termostat\/","title":{"rendered":"VERNET TH6171.92J OPEL CORSA B &#8211; ASTRA F 1.4 &#8211; 1.6 16V TERMOSTAT"},"content":{"rendered":"<p>\u00dcR\u00dcN OPEL CORSA B \/ ASTRA F 1.4 &#8211; 1.6 BENZ\u0130NL\u0130 \/ VECTRA B 1.6 MODELLER\u0130NE<br \/>\nUYGUNDUR. <\/p>\n<p>TEKN\u0130K B\u0130LG\u0130 <\/p>\n<p>A\u00c7MA SICAKLI\u011eI: 92 DERECE <\/p>\n<p>S\u0130PAR\u0130\u015e VERMEDEN \u00d6NCE \u015eASE NUMARANIZ \u0130LE TEY\u0130T ETT\u0130R\u0130N\u0130Z.<\/p>\n","protected":false},"excerpt":{"rendered":"<p>\u00dcR\u00dcN OPEL CORSA B \/ ASTRA F 1.4 &#8211; 1.6 BENZ\u0130NL\u0130 \/ VECTRA B 1.6 MODELLER\u0130NE UYGUNDUR. TEKN\u0130K B\u0130LG\u0130 A\u00c7MA SICAKLI\u011eI: 92 DERECE S\u0130PAR\u0130\u015e VERMEDEN \u00d6NCE \u015eASE NUMARANIZ \u0130LE TEY\u0130T ETT\u0130R\u0130N\u0130Z.<\/p>\n","protected":false},"featured_media":5494,"template":"","meta":[],"product_brand":[338],"product_cat":[324],"product_tag":[],"class_list":{"0":"post-5493","1":"product","2":"type-product","3":"status-publish","4":"has-post-thumbnail","6":"arac_markasi_modeli-astra-f","7":"arac_markasi_modeli-corsa-b","8":"arac_markasi_modeli-opel","9":"product_brand-vernet","10":"product_cat-motor-sogutma-ve-radyator-urunleri","12":"first","13":"instock","14":"taxable","15":"shipping-taxable","16":"purchasable","17":"product-type-simple"},"jetpack_sharing_enabled":true,"_links":{"self":[{"href":"https:\/\/ozince.com\/magaza\/wp-json\/wp\/v2\/product\/5493","targetHints":{"allow":["GET"]}}],"collection":[{"href":"https:\/\/ozince.com\/magaza\/wp-json\/wp\/v2\/product"}],"about":[{"href":"https:\/\/ozince.com\/magaza\/wp-json\/wp\/v2\/types\/product"}],"wp:featuredmedia":[{"embeddable":true,"href":"https:\/\/ozince.com\/magaza\/wp-json\/wp\/v2\/media\/5494"}],"wp:attachment":[{"href":"https:\/\/ozince.com\/magaza\/wp-json\/wp\/v2\/media?parent=5493"}],"wp:term":[{"taxonomy":"product_brand","embeddable":true,"href":"https:\/\/ozince.com\/magaza\/wp-json\/wp\/v2\/product_brand?post=5493"},{"taxonomy":"product_cat","embeddable":true,"href":"https:\/\/ozince.com\/magaza\/wp-json\/wp\/v2\/product_cat?post=5493"},{"taxonomy":"product_tag","embeddable":true,"href":"https:\/\/ozince.com\/magaza\/wp-json\/wp\/v2\/product_tag?post=5493"}],"curies":[{"name":"wp","href":"https:\/\/api.w.org\/{rel}","templated":true}]}}