{"id":5491,"date":"2025-08-25T16:26:53","date_gmt":"2025-08-25T13:26:53","guid":{"rendered":"https:\/\/ozince.com\/magaza\/urun\/vernet-te7277p-105j-opel-insignia-a-astra-j-a1-6xer-termostat\/"},"modified":"2025-08-25T16:26:56","modified_gmt":"2025-08-25T13:26:56","slug":"vernet-te7277p-105j-opel-insignia-a-astra-j-a1-6xer-termostat","status":"publish","type":"product","link":"https:\/\/ozince.com\/magaza\/motor-sogutma-ve-radyator-urunleri\/vernet-te7277p-105j-opel-insignia-a-astra-j-a1-6xer-termostat\/","title":{"rendered":"VERNET TE7277P.105J OPEL \u0130NS\u0130GN\u0130A A &#8211; ASTRA J A1.6XER TERMOSTAT"},"content":{"rendered":"<p>\u00dcR\u00dcN OPEL ASTRA J (A1.6LET &#8211; A1.6XER) \/ \u0130NS\u0130GN\u0130A A (A1.6XER) \/ MOKKA (A1.6XER)<br \/>\nMODELLER\u0130NE UYGUNDUR. <\/p>\n<p>S\u0130PAR\u0130\u015e VERMEDEN \u00d6NCE \u015eASE NUMARANIZ \u0130LE TEY\u0130T ETT\u0130R\u0130N\u0130Z.<\/p>\n","protected":false},"excerpt":{"rendered":"<p>\u00dcR\u00dcN OPEL ASTRA J (A1.6LET &#8211; A1.6XER) \/ \u0130NS\u0130GN\u0130A A (A1.6XER) \/ MOKKA (A1.6XER) MODELLER\u0130NE UYGUNDUR. S\u0130PAR\u0130\u015e VERMEDEN \u00d6NCE \u015eASE NUMARANIZ \u0130LE TEY\u0130T ETT\u0130R\u0130N\u0130Z.<\/p>\n","protected":false},"featured_media":5492,"template":"","meta":[],"product_brand":[338],"product_cat":[324],"product_tag":[],"class_list":{"0":"post-5491","1":"product","2":"type-product","3":"status-publish","4":"has-post-thumbnail","6":"arac_markasi_modeli-astra-j","7":"arac_markasi_modeli-insignia-a","8":"arac_markasi_modeli-opel","9":"product_brand-vernet","10":"product_cat-motor-sogutma-ve-radyator-urunleri","12":"first","13":"instock","14":"taxable","15":"shipping-taxable","16":"purchasable","17":"product-type-simple"},"jetpack_sharing_enabled":true,"_links":{"self":[{"href":"https:\/\/ozince.com\/magaza\/wp-json\/wp\/v2\/product\/5491","targetHints":{"allow":["GET"]}}],"collection":[{"href":"https:\/\/ozince.com\/magaza\/wp-json\/wp\/v2\/product"}],"about":[{"href":"https:\/\/ozince.com\/magaza\/wp-json\/wp\/v2\/types\/product"}],"wp:featuredmedia":[{"embeddable":true,"href":"https:\/\/ozince.com\/magaza\/wp-json\/wp\/v2\/media\/5492"}],"wp:attachment":[{"href":"https:\/\/ozince.com\/magaza\/wp-json\/wp\/v2\/media?parent=5491"}],"wp:term":[{"taxonomy":"product_brand","embeddable":true,"href":"https:\/\/ozince.com\/magaza\/wp-json\/wp\/v2\/product_brand?post=5491"},{"taxonomy":"product_cat","embeddable":true,"href":"https:\/\/ozince.com\/magaza\/wp-json\/wp\/v2\/product_cat?post=5491"},{"taxonomy":"product_tag","embeddable":true,"href":"https:\/\/ozince.com\/magaza\/wp-json\/wp\/v2\/product_tag?post=5491"}],"curies":[{"name":"wp","href":"https:\/\/api.w.org\/{rel}","templated":true}]}}