{"id":5478,"date":"2025-08-25T16:26:53","date_gmt":"2025-08-25T13:26:53","guid":{"rendered":"https:\/\/ozince.com\/magaza\/urun\/topran-202317755-opel-corsa-b-astra-f-1-4-8v-termostat\/"},"modified":"2025-08-25T16:26:54","modified_gmt":"2025-08-25T13:26:54","slug":"topran-202317755-opel-corsa-b-astra-f-1-4-8v-termostat","status":"publish","type":"product","link":"https:\/\/ozince.com\/magaza\/motor-sogutma-ve-radyator-urunleri\/topran-202317755-opel-corsa-b-astra-f-1-4-8v-termostat\/","title":{"rendered":"TOPRAN 202317755 OPEL CORSA B &#8211; ASTRA F 1.4 8V TERMOSTAT"},"content":{"rendered":"<p>\u00dcR\u00dcN OPEL CORSA B \/ ASTRA F 1.4 8VALF \/ CHEVROLET AVEO T200 &#8211; T250 1.4 8VALF<br \/>\nKALOS T200 1.4 8VALF\/1.4 16V MODELLER\u0130NE UYGUNDUR. <\/p>\n<p>S\u0130PAR\u0130\u015e VERMEDEN \u00d6NCE \u015eASE NUMARANIZ \u0130LE TEY\u0130T ETT\u0130R\u0130N\u0130Z.<\/p>\n","protected":false},"excerpt":{"rendered":"<p>\u00dcR\u00dcN OPEL CORSA B \/ ASTRA F 1.4 8VALF \/ CHEVROLET AVEO T200 &#8211; T250 1.4 8VALF KALOS T200 1.4 8VALF\/1.4 16V MODELLER\u0130NE UYGUNDUR. S\u0130PAR\u0130\u015e VERMEDEN \u00d6NCE \u015eASE NUMARANIZ \u0130LE TEY\u0130T ETT\u0130R\u0130N\u0130Z.<\/p>\n","protected":false},"featured_media":5479,"template":"","meta":[],"product_brand":[336],"product_cat":[324],"product_tag":[],"class_list":{"0":"post-5478","1":"product","2":"type-product","3":"status-publish","4":"has-post-thumbnail","6":"arac_markasi_modeli-astra-f","7":"arac_markasi_modeli-corsa-b","8":"arac_markasi_modeli-opel","9":"product_brand-topran","10":"product_cat-motor-sogutma-ve-radyator-urunleri","12":"first","13":"instock","14":"taxable","15":"shipping-taxable","16":"purchasable","17":"product-type-simple"},"jetpack_sharing_enabled":true,"_links":{"self":[{"href":"https:\/\/ozince.com\/magaza\/wp-json\/wp\/v2\/product\/5478","targetHints":{"allow":["GET"]}}],"collection":[{"href":"https:\/\/ozince.com\/magaza\/wp-json\/wp\/v2\/product"}],"about":[{"href":"https:\/\/ozince.com\/magaza\/wp-json\/wp\/v2\/types\/product"}],"wp:featuredmedia":[{"embeddable":true,"href":"https:\/\/ozince.com\/magaza\/wp-json\/wp\/v2\/media\/5479"}],"wp:attachment":[{"href":"https:\/\/ozince.com\/magaza\/wp-json\/wp\/v2\/media?parent=5478"}],"wp:term":[{"taxonomy":"product_brand","embeddable":true,"href":"https:\/\/ozince.com\/magaza\/wp-json\/wp\/v2\/product_brand?post=5478"},{"taxonomy":"product_cat","embeddable":true,"href":"https:\/\/ozince.com\/magaza\/wp-json\/wp\/v2\/product_cat?post=5478"},{"taxonomy":"product_tag","embeddable":true,"href":"https:\/\/ozince.com\/magaza\/wp-json\/wp\/v2\/product_tag?post=5478"}],"curies":[{"name":"wp","href":"https:\/\/api.w.org\/{rel}","templated":true}]}}