{"id":5477,"date":"2025-08-25T16:26:53","date_gmt":"2025-08-25T13:26:53","guid":{"rendered":"https:\/\/ozince.com\/magaza\/urun\/pgt-119812131480-peugeot-208-308-3008-1-2-puretech-termostat\/"},"modified":"2025-08-25T16:26:54","modified_gmt":"2025-08-25T13:26:54","slug":"pgt-119812131480-peugeot-208-308-3008-1-2-puretech-termostat","status":"publish","type":"product","link":"https:\/\/ozince.com\/magaza\/motor-sogutma-ve-radyator-urunleri\/pgt-119812131480-peugeot-208-308-3008-1-2-puretech-termostat\/","title":{"rendered":"PGT 119812131480 PEUGEOT 208 &#8211; 308 &#8211; 3008 1.2 PURETECH TERMOSTAT"},"content":{"rendered":"<p>\u00dcR\u00dcN PEUGEOT 208 \/ 308 \/ 508 \/ 2008 \/ 3008 \/ 5008 \/ PARTNER 1.2 BENZ\u0130NL\u0130 MODELLER\u0130NE UYGUNDUR.<\/p>\n<p>YETK\u0130L\u0130 SERV\u0130S \u00dcR\u00dcN\u00dcD\u00dcR. <\/p>\n<p>S\u0130PAR\u0130\u015e VERMEDEN \u00d6NCE \u015eASE NUMARANIZ \u0130LE TEY\u0130T ETT\u0130R\u0130N\u0130Z.<\/p>\n","protected":false},"excerpt":{"rendered":"<p>\u00dcR\u00dcN PEUGEOT 208 \/ 308 \/ 508 \/ 2008 \/ 3008 \/ 5008 \/ PARTNER 1.2 BENZ\u0130NL\u0130 MODELLER\u0130NE UYGUNDUR. YETK\u0130L\u0130 SERV\u0130S \u00dcR\u00dcN\u00dcD\u00dcR. S\u0130PAR\u0130\u015e VERMEDEN \u00d6NCE \u015eASE NUMARANIZ \u0130LE TEY\u0130T ETT\u0130R\u0130N\u0130Z.<\/p>\n","protected":false},"featured_media":5473,"template":"","meta":[],"product_brand":[335],"product_cat":[324],"product_tag":[],"class_list":{"0":"post-5477","1":"product","2":"type-product","3":"status-publish","4":"has-post-thumbnail","6":"arac_markasi_modeli-282","7":"arac_markasi_modeli-249","8":"arac_markasi_modeli-302","9":"arac_markasi_modeli-peugeot","10":"product_brand-pgt","11":"product_cat-motor-sogutma-ve-radyator-urunleri","13":"first","14":"instock","15":"taxable","16":"shipping-taxable","17":"purchasable","18":"product-type-simple"},"jetpack_sharing_enabled":true,"_links":{"self":[{"href":"https:\/\/ozince.com\/magaza\/wp-json\/wp\/v2\/product\/5477","targetHints":{"allow":["GET"]}}],"collection":[{"href":"https:\/\/ozince.com\/magaza\/wp-json\/wp\/v2\/product"}],"about":[{"href":"https:\/\/ozince.com\/magaza\/wp-json\/wp\/v2\/types\/product"}],"wp:featuredmedia":[{"embeddable":true,"href":"https:\/\/ozince.com\/magaza\/wp-json\/wp\/v2\/media\/5473"}],"wp:attachment":[{"href":"https:\/\/ozince.com\/magaza\/wp-json\/wp\/v2\/media?parent=5477"}],"wp:term":[{"taxonomy":"product_brand","embeddable":true,"href":"https:\/\/ozince.com\/magaza\/wp-json\/wp\/v2\/product_brand?post=5477"},{"taxonomy":"product_cat","embeddable":true,"href":"https:\/\/ozince.com\/magaza\/wp-json\/wp\/v2\/product_cat?post=5477"},{"taxonomy":"product_tag","embeddable":true,"href":"https:\/\/ozince.com\/magaza\/wp-json\/wp\/v2\/product_tag?post=5477"}],"curies":[{"name":"wp","href":"https:\/\/api.w.org\/{rel}","templated":true}]}}