{"id":5468,"date":"2025-08-25T16:26:42","date_gmt":"2025-08-25T13:26:42","guid":{"rendered":"https:\/\/ozince.com\/magaza\/urun\/mopar-9812131480-opel-corsa-f-astra-l-1-2-puretech-termostat\/"},"modified":"2025-08-25T16:26:51","modified_gmt":"2025-08-25T13:26:51","slug":"mopar-9812131480-opel-corsa-f-astra-l-1-2-puretech-termostat","status":"publish","type":"product","link":"https:\/\/ozince.com\/magaza\/motor-sogutma-ve-radyator-urunleri\/mopar-9812131480-opel-corsa-f-astra-l-1-2-puretech-termostat\/","title":{"rendered":"MOPAR 9812131480 OPEL CORSA F &#8211; ASTRA L 1.2 PURETECH TERMOSTAT"},"content":{"rendered":"<p>\u00dcR\u00dcN OPEL CORSA F \/ MOKKA B \/ GRANDLAND X \/ CROSSLAND X 1.2 BENZ\u0130NL\u0130<br \/>\nMODELLER\u0130NE UYGUNDUR. <\/p>\n<p>YETK\u0130L\u0130 SERV\u0130S \u00dcR\u00dcN\u00dcD\u00dcR. <\/p>\n<p>S\u0130PAR\u0130\u015e VERMEDEN \u00d6NCE \u015eASE NUMARANIZ \u0130LE TEY\u0130T ETT\u0130R\u0130N\u0130Z.<\/p>\n","protected":false},"excerpt":{"rendered":"<p>\u00dcR\u00dcN OPEL CORSA F \/ MOKKA B \/ GRANDLAND X \/ CROSSLAND X 1.2 BENZ\u0130NL\u0130 MODELLER\u0130NE UYGUNDUR. YETK\u0130L\u0130 SERV\u0130S \u00dcR\u00dcN\u00dcD\u00dcR. S\u0130PAR\u0130\u015e VERMEDEN \u00d6NCE \u015eASE NUMARANIZ \u0130LE TEY\u0130T ETT\u0130R\u0130N\u0130Z.<\/p>\n","protected":false},"featured_media":5464,"template":"","meta":[],"product_brand":[305],"product_cat":[324],"product_tag":[],"class_list":{"0":"post-5468","1":"product","2":"type-product","3":"status-publish","4":"has-post-thumbnail","6":"arac_markasi_modeli-astra-l","7":"arac_markasi_modeli-corsa-f","8":"arac_markasi_modeli-opel","9":"product_brand-mopar","10":"product_cat-motor-sogutma-ve-radyator-urunleri","12":"first","13":"instock","14":"taxable","15":"shipping-taxable","16":"purchasable","17":"product-type-simple"},"jetpack_sharing_enabled":true,"_links":{"self":[{"href":"https:\/\/ozince.com\/magaza\/wp-json\/wp\/v2\/product\/5468","targetHints":{"allow":["GET"]}}],"collection":[{"href":"https:\/\/ozince.com\/magaza\/wp-json\/wp\/v2\/product"}],"about":[{"href":"https:\/\/ozince.com\/magaza\/wp-json\/wp\/v2\/types\/product"}],"wp:featuredmedia":[{"embeddable":true,"href":"https:\/\/ozince.com\/magaza\/wp-json\/wp\/v2\/media\/5464"}],"wp:attachment":[{"href":"https:\/\/ozince.com\/magaza\/wp-json\/wp\/v2\/media?parent=5468"}],"wp:term":[{"taxonomy":"product_brand","embeddable":true,"href":"https:\/\/ozince.com\/magaza\/wp-json\/wp\/v2\/product_brand?post=5468"},{"taxonomy":"product_cat","embeddable":true,"href":"https:\/\/ozince.com\/magaza\/wp-json\/wp\/v2\/product_cat?post=5468"},{"taxonomy":"product_tag","embeddable":true,"href":"https:\/\/ozince.com\/magaza\/wp-json\/wp\/v2\/product_tag?post=5468"}],"curies":[{"name":"wp","href":"https:\/\/api.w.org\/{rel}","templated":true}]}}