{"id":5459,"date":"2025-08-25T16:26:42","date_gmt":"2025-08-25T13:26:42","guid":{"rendered":"https:\/\/ozince.com\/magaza\/urun\/mahle-tm55105-opel-insignia-a1-6xer-astra-h-z1-6xep-termostat\/"},"modified":"2025-08-25T16:26:48","modified_gmt":"2025-08-25T13:26:48","slug":"mahle-tm55105-opel-insignia-a1-6xer-astra-h-z1-6xep-termostat","status":"publish","type":"product","link":"https:\/\/ozince.com\/magaza\/motor-sogutma-ve-radyator-urunleri\/mahle-tm55105-opel-insignia-a1-6xer-astra-h-z1-6xep-termostat\/","title":{"rendered":"MAHLE TM55105 OPEL \u0130NS\u0130GN\u0130A A1.6XER &#8211; ASTRA H Z1.6XEP TERMOSTAT"},"content":{"rendered":"<p>\u00dcR\u00dcN OPEL \u0130NS\u0130GN\u0130A A A1.6XER \/ ASTRA H Z1.6XEP \/ VECTRA C Z1.6XEP \/ ASTRA G<br \/>\nZ1.6XEP \/ MODELLER\u0130NE UYGUNDUR. <\/p>\n<p>TEKN\u0130K B\u0130LG\u0130 <\/p>\n<p>A\u00c7MA SICAKLI\u011eI: 105 DERECE <\/p>\n<p>S\u0130PAR\u0130\u015e VERMEDEN \u00d6NCE \u015eASE NUMARANIZ \u0130LE TEY\u0130T ETT\u0130R\u0130N\u0130Z.<\/p>\n","protected":false},"excerpt":{"rendered":"<p>\u00dcR\u00dcN OPEL \u0130NS\u0130GN\u0130A A A1.6XER \/ ASTRA H Z1.6XEP \/ VECTRA C Z1.6XEP \/ ASTRA G Z1.6XEP \/ MODELLER\u0130NE UYGUNDUR. TEKN\u0130K B\u0130LG\u0130 A\u00c7MA SICAKLI\u011eI: 105 DERECE S\u0130PAR\u0130\u015e VERMEDEN \u00d6NCE \u015eASE NUMARANIZ \u0130LE TEY\u0130T ETT\u0130R\u0130N\u0130Z.<\/p>\n","protected":false},"featured_media":5460,"template":"","meta":[],"product_brand":[329],"product_cat":[324],"product_tag":[],"class_list":{"0":"post-5459","1":"product","2":"type-product","3":"status-publish","4":"has-post-thumbnail","6":"arac_markasi_modeli-astra-h","7":"arac_markasi_modeli-insignia-a","8":"arac_markasi_modeli-opel","9":"product_brand-mahle","10":"product_cat-motor-sogutma-ve-radyator-urunleri","12":"first","13":"instock","14":"taxable","15":"shipping-taxable","16":"purchasable","17":"product-type-simple"},"jetpack_sharing_enabled":true,"_links":{"self":[{"href":"https:\/\/ozince.com\/magaza\/wp-json\/wp\/v2\/product\/5459","targetHints":{"allow":["GET"]}}],"collection":[{"href":"https:\/\/ozince.com\/magaza\/wp-json\/wp\/v2\/product"}],"about":[{"href":"https:\/\/ozince.com\/magaza\/wp-json\/wp\/v2\/types\/product"}],"wp:featuredmedia":[{"embeddable":true,"href":"https:\/\/ozince.com\/magaza\/wp-json\/wp\/v2\/media\/5460"}],"wp:attachment":[{"href":"https:\/\/ozince.com\/magaza\/wp-json\/wp\/v2\/media?parent=5459"}],"wp:term":[{"taxonomy":"product_brand","embeddable":true,"href":"https:\/\/ozince.com\/magaza\/wp-json\/wp\/v2\/product_brand?post=5459"},{"taxonomy":"product_cat","embeddable":true,"href":"https:\/\/ozince.com\/magaza\/wp-json\/wp\/v2\/product_cat?post=5459"},{"taxonomy":"product_tag","embeddable":true,"href":"https:\/\/ozince.com\/magaza\/wp-json\/wp\/v2\/product_tag?post=5459"}],"curies":[{"name":"wp","href":"https:\/\/api.w.org\/{rel}","templated":true}]}}