{"id":5441,"date":"2025-08-25T16:26:42","date_gmt":"2025-08-25T13:26:42","guid":{"rendered":"https:\/\/ozince.com\/magaza\/urun\/febi-171575-opel-insignia-b-astra-k-1-6-dizel-termostat\/"},"modified":"2025-08-25T16:26:44","modified_gmt":"2025-08-25T13:26:44","slug":"febi-171575-opel-insignia-b-astra-k-1-6-dizel-termostat","status":"publish","type":"product","link":"https:\/\/ozince.com\/magaza\/motor-sogutma-ve-radyator-urunleri\/febi-171575-opel-insignia-b-astra-k-1-6-dizel-termostat\/","title":{"rendered":"FEB\u0130 171575 OPEL INSIGNIA B &#8211; ASTRA K 1.6 D\u0130ZEL TERMOSTAT"},"content":{"rendered":"<p>\u00dcR\u00dcN OPEL \u0130NS\u0130GN\u0130A A \/ \u0130NS\u0130GN\u0130A B \/ MOKKA \/ MOKKA X \/ ASTRA K \/ ASTRA J 1.6 D\u0130ZEL<br \/>\nMODELLER\u0130NE UYGUNDUR. <\/p>\n<p>TEKN\u0130K B\u0130LG\u0130<\/p>\n<p>A\u00c7MA SICAKLI\u011eI: 85 DERECE <\/p>\n<p>S\u0130PAR\u0130\u015e VERMEDEN \u00d6NCE \u015eASE NUMARANIZ \u0130LE TEY\u0130T ETT\u0130R\u0130N\u0130Z.<\/p>\n","protected":false},"excerpt":{"rendered":"<p>\u00dcR\u00dcN OPEL \u0130NS\u0130GN\u0130A A \/ \u0130NS\u0130GN\u0130A B \/ MOKKA \/ MOKKA X \/ ASTRA K \/ ASTRA J 1.6 D\u0130ZEL MODELLER\u0130NE UYGUNDUR. TEKN\u0130K B\u0130LG\u0130 A\u00c7MA SICAKLI\u011eI: 85 DERECE S\u0130PAR\u0130\u015e VERMEDEN \u00d6NCE \u015eASE NUMARANIZ \u0130LE TEY\u0130T ETT\u0130R\u0130N\u0130Z.<\/p>\n","protected":false},"featured_media":5442,"template":"","meta":[],"product_brand":[194],"product_cat":[324],"product_tag":[],"class_list":{"0":"post-5441","1":"product","2":"type-product","3":"status-publish","4":"has-post-thumbnail","6":"arac_markasi_modeli-astra-k","7":"arac_markasi_modeli-insignia-b","8":"arac_markasi_modeli-opel","9":"product_brand-febi","10":"product_cat-motor-sogutma-ve-radyator-urunleri","12":"first","13":"instock","14":"taxable","15":"shipping-taxable","16":"purchasable","17":"product-type-simple"},"jetpack_sharing_enabled":true,"_links":{"self":[{"href":"https:\/\/ozince.com\/magaza\/wp-json\/wp\/v2\/product\/5441","targetHints":{"allow":["GET"]}}],"collection":[{"href":"https:\/\/ozince.com\/magaza\/wp-json\/wp\/v2\/product"}],"about":[{"href":"https:\/\/ozince.com\/magaza\/wp-json\/wp\/v2\/types\/product"}],"wp:featuredmedia":[{"embeddable":true,"href":"https:\/\/ozince.com\/magaza\/wp-json\/wp\/v2\/media\/5442"}],"wp:attachment":[{"href":"https:\/\/ozince.com\/magaza\/wp-json\/wp\/v2\/media?parent=5441"}],"wp:term":[{"taxonomy":"product_brand","embeddable":true,"href":"https:\/\/ozince.com\/magaza\/wp-json\/wp\/v2\/product_brand?post=5441"},{"taxonomy":"product_cat","embeddable":true,"href":"https:\/\/ozince.com\/magaza\/wp-json\/wp\/v2\/product_cat?post=5441"},{"taxonomy":"product_tag","embeddable":true,"href":"https:\/\/ozince.com\/magaza\/wp-json\/wp\/v2\/product_tag?post=5441"}],"curies":[{"name":"wp","href":"https:\/\/api.w.org\/{rel}","templated":true}]}}