{"id":5436,"date":"2025-08-25T16:26:42","date_gmt":"2025-08-25T13:26:42","guid":{"rendered":"https:\/\/ozince.com\/magaza\/urun\/facet-7-8783-opel-astra-j-corsa-d-e-1-3-dizel-termostat\/"},"modified":"2025-08-25T16:26:43","modified_gmt":"2025-08-25T13:26:43","slug":"facet-7-8783-opel-astra-j-corsa-d-e-1-3-dizel-termostat","status":"publish","type":"product","link":"https:\/\/ozince.com\/magaza\/motor-sogutma-ve-radyator-urunleri\/facet-7-8783-opel-astra-j-corsa-d-e-1-3-dizel-termostat\/","title":{"rendered":"FACET 7.8783 OPEL ASTRA J &#8211; CORSA D-E 1.3 D\u0130ZEL TERMOSTAT"},"content":{"rendered":"<p>\u00dcR\u00dcN OPEL CORSA D \/ CORSA E 1.3 D\u0130ZEL EURO 5 \/ ASTRA J 1.3 D\u0130ZEL \/ CHEVROLET<br \/>\nAVEO T300 1.3 D\u0130ZEL MODELLER\u0130NE UYGUNDUR. <\/p>\n<p>TEKN\u0130K B\u0130LG\u0130 <\/p>\n<p>A\u00c7MA SICAKLI\u011eI: 88 DERECE <\/p>\n<p>S\u0130PAR\u0130\u015e VERMEDEN \u00d6NCE \u015eASE NUMARANIZ \u0130LE TEY\u0130T ETT\u0130R\u0130N\u0130Z.<\/p>\n","protected":false},"excerpt":{"rendered":"<p>\u00dcR\u00dcN OPEL CORSA D \/ CORSA E 1.3 D\u0130ZEL EURO 5 \/ ASTRA J 1.3 D\u0130ZEL \/ CHEVROLET AVEO T300 1.3 D\u0130ZEL MODELLER\u0130NE UYGUNDUR. TEKN\u0130K B\u0130LG\u0130 A\u00c7MA SICAKLI\u011eI: 88 DERECE S\u0130PAR\u0130\u015e VERMEDEN \u00d6NCE \u015eASE NUMARANIZ \u0130LE TEY\u0130T ETT\u0130R\u0130N\u0130Z.<\/p>\n","protected":false},"featured_media":5437,"template":"","meta":[],"product_brand":[326],"product_cat":[324],"product_tag":[],"class_list":{"0":"post-5436","1":"product","2":"type-product","3":"status-publish","4":"has-post-thumbnail","6":"arac_markasi_modeli-astra-j","7":"arac_markasi_modeli-corsa-d","8":"arac_markasi_modeli-corsa-e","9":"arac_markasi_modeli-opel","10":"product_brand-facet","11":"product_cat-motor-sogutma-ve-radyator-urunleri","13":"first","14":"instock","15":"taxable","16":"shipping-taxable","17":"purchasable","18":"product-type-simple"},"jetpack_sharing_enabled":true,"_links":{"self":[{"href":"https:\/\/ozince.com\/magaza\/wp-json\/wp\/v2\/product\/5436","targetHints":{"allow":["GET"]}}],"collection":[{"href":"https:\/\/ozince.com\/magaza\/wp-json\/wp\/v2\/product"}],"about":[{"href":"https:\/\/ozince.com\/magaza\/wp-json\/wp\/v2\/types\/product"}],"wp:featuredmedia":[{"embeddable":true,"href":"https:\/\/ozince.com\/magaza\/wp-json\/wp\/v2\/media\/5437"}],"wp:attachment":[{"href":"https:\/\/ozince.com\/magaza\/wp-json\/wp\/v2\/media?parent=5436"}],"wp:term":[{"taxonomy":"product_brand","embeddable":true,"href":"https:\/\/ozince.com\/magaza\/wp-json\/wp\/v2\/product_brand?post=5436"},{"taxonomy":"product_cat","embeddable":true,"href":"https:\/\/ozince.com\/magaza\/wp-json\/wp\/v2\/product_cat?post=5436"},{"taxonomy":"product_tag","embeddable":true,"href":"https:\/\/ozince.com\/magaza\/wp-json\/wp\/v2\/product_tag?post=5436"}],"curies":[{"name":"wp","href":"https:\/\/api.w.org\/{rel}","templated":true}]}}