{"id":5426,"date":"2025-08-20T16:14:09","date_gmt":"2025-08-20T13:14:09","guid":{"rendered":"https:\/\/ozince.com\/magaza\/urun\/swag-99130372-opel-corsa-c-d-astra-j-1-2-1-4-benzinli-triger-zincir-seti\/"},"modified":"2025-08-20T16:14:11","modified_gmt":"2025-08-20T13:14:11","slug":"swag-99130372-opel-corsa-c-d-astra-j-1-2-1-4-benzinli-triger-zincir-seti","status":"publish","type":"product","link":"https:\/\/ozince.com\/magaza\/motor-mekanik-urunleri\/swag-99130372-opel-corsa-c-d-astra-j-1-2-1-4-benzinli-triger-zincir-seti\/","title":{"rendered":"SWAG 99130372 OPEL CORSA C-D &#8211; ASTRA J 1.2-1.4 BENZ\u0130NL\u0130 TR\u0130GER Z\u0130NC\u0130R SET\u0130"},"content":{"rendered":"<p>&#8220;\u00dcR\u00dcN OPEL CORSA C 1.2 &#8211; 1.4 BENZ\u0130NL\u0130 \/ CORSA D 1.2 &#8211; 1.4 BENZ\u0130NL\u0130 \/ CORSA E 1.2 &#8211; 1.4 BENZ\u0130NL\u0130  \/ ASTRA J 1.4 TURBO<br \/>\n\/ \u0130NS\u0130GN\u0130A A 1.4 TURBO \/ MOKKA 1.4 TURBO \/ MODELLER\u0130NE UYGUNDUR. <\/p>\n<p>TEKN\u0130K B\u0130LG\u0130 <\/p>\n<p>Z\u0130NC\u0130R BAKLA SAYISI: 130 <\/p>\n<p>SET \u0130\u00c7ER\u0130\u011e\u0130; TR\u0130GER Z\u0130NC\u0130R\u0130, TR\u0130GER Z\u0130NC\u0130R OTOMAT\u0130K GERG\u0130S\u0130, 2 ADET Z\u0130NC\u0130R GERG\u0130 PALETLER\u0130. &#8220;<\/p>\n","protected":false},"excerpt":{"rendered":"<p>&#8220;\u00dcR\u00dcN OPEL CORSA C 1.2 &#8211; 1.4 BENZ\u0130NL\u0130 \/ CORSA D 1.2 &#8211; 1.4 BENZ\u0130NL\u0130 \/ CORSA E 1.2 &#8211; 1.4 BENZ\u0130NL\u0130 \/ ASTRA J 1.4 TURBO \/ \u0130NS\u0130GN\u0130A A 1.4 TURBO \/ MOKKA 1.4 TURBO \/ MODELLER\u0130NE UYGUNDUR. TEKN\u0130K B\u0130LG\u0130 Z\u0130NC\u0130R BAKLA SAYISI: 130 SET \u0130\u00c7ER\u0130\u011e\u0130; TR\u0130GER Z\u0130NC\u0130R\u0130, TR\u0130GER Z\u0130NC\u0130R OTOMAT\u0130K GERG\u0130S\u0130, 2 ADET<\/p>\n<div class=\"klb-readmore button\"><a class=\"btn link\" href=\"https:\/\/ozince.com\/magaza\/motor-mekanik-urunleri\/swag-99130372-opel-corsa-c-d-astra-j-1-2-1-4-benzinli-triger-zincir-seti\/\">Read More <i class=\"klbth-icon-right-arrow\"><\/i><\/a><\/div>\n","protected":false},"featured_media":5212,"template":"","meta":[],"product_brand":[309],"product_cat":[298],"product_tag":[],"class_list":{"0":"post-5426","1":"product","2":"type-product","3":"status-publish","4":"has-post-thumbnail","6":"arac_markasi_modeli-astra-j","7":"arac_markasi_modeli-corsa-c","8":"arac_markasi_modeli-corsa-d","9":"arac_markasi_modeli-opel","10":"product_brand-swag","11":"product_cat-motor-mekanik-urunleri","13":"first","14":"instock","15":"taxable","16":"shipping-taxable","17":"purchasable","18":"product-type-simple"},"jetpack_sharing_enabled":true,"_links":{"self":[{"href":"https:\/\/ozince.com\/magaza\/wp-json\/wp\/v2\/product\/5426","targetHints":{"allow":["GET"]}}],"collection":[{"href":"https:\/\/ozince.com\/magaza\/wp-json\/wp\/v2\/product"}],"about":[{"href":"https:\/\/ozince.com\/magaza\/wp-json\/wp\/v2\/types\/product"}],"wp:featuredmedia":[{"embeddable":true,"href":"https:\/\/ozince.com\/magaza\/wp-json\/wp\/v2\/media\/5212"}],"wp:attachment":[{"href":"https:\/\/ozince.com\/magaza\/wp-json\/wp\/v2\/media?parent=5426"}],"wp:term":[{"taxonomy":"product_brand","embeddable":true,"href":"https:\/\/ozince.com\/magaza\/wp-json\/wp\/v2\/product_brand?post=5426"},{"taxonomy":"product_cat","embeddable":true,"href":"https:\/\/ozince.com\/magaza\/wp-json\/wp\/v2\/product_cat?post=5426"},{"taxonomy":"product_tag","embeddable":true,"href":"https:\/\/ozince.com\/magaza\/wp-json\/wp\/v2\/product_tag?post=5426"}],"curies":[{"name":"wp","href":"https:\/\/api.w.org\/{rel}","templated":true}]}}