{"id":5425,"date":"2025-08-20T16:14:09","date_gmt":"2025-08-20T13:14:09","guid":{"rendered":"https:\/\/ozince.com\/magaza\/urun\/snr-45302-opel-astra-f-corsa-b-1-4-8v-triger-seti\/"},"modified":"2025-08-20T16:14:11","modified_gmt":"2025-08-20T13:14:11","slug":"snr-45302-opel-astra-f-corsa-b-1-4-8v-triger-seti","status":"publish","type":"product","link":"https:\/\/ozince.com\/magaza\/motor-mekanik-urunleri\/snr-45302-opel-astra-f-corsa-b-1-4-8v-triger-seti\/","title":{"rendered":"SNR 45302 OPEL ASTRA F &#8211; CORSA B 1.4 8V TR\u0130GER SET\u0130"},"content":{"rendered":"<p>\u00dcR\u00dcN OPEL ASTRA F 1992 &#8211; 1998 1.2NZ &#8211; X1.2SZ &#8211; 1.4NV &#8211; C1.4NZ &#8211; X1.4NZ &#8211; 1.4SE &#8211; C1.4SE &#8211; MODELLER\u0130NE UYGUNDUR. <\/p>\n<p>TEKN\u0130K B\u0130LG\u0130 <\/p>\n<p>D\u0130\u015e SAYISI: 111<br \/>\nGEN\u0130\u015eL\u0130K (MM): 17<\/p>\n","protected":false},"excerpt":{"rendered":"<p>\u00dcR\u00dcN OPEL ASTRA F 1992 &#8211; 1998 1.2NZ &#8211; X1.2SZ &#8211; 1.4NV &#8211; C1.4NZ &#8211; X1.4NZ &#8211; 1.4SE &#8211; C1.4SE &#8211; MODELLER\u0130NE UYGUNDUR. TEKN\u0130K B\u0130LG\u0130 D\u0130\u015e SAYISI: 111 GEN\u0130\u015eL\u0130K (MM): 17<\/p>\n","protected":false},"featured_media":5351,"template":"","meta":[],"product_brand":[308],"product_cat":[298],"product_tag":[],"class_list":{"0":"post-5425","1":"product","2":"type-product","3":"status-publish","4":"has-post-thumbnail","6":"arac_markasi_modeli-astra-f","7":"arac_markasi_modeli-corsa-b","8":"arac_markasi_modeli-opel","9":"product_brand-snr","10":"product_cat-motor-mekanik-urunleri","12":"first","13":"instock","14":"taxable","15":"shipping-taxable","16":"purchasable","17":"product-type-simple"},"jetpack_sharing_enabled":true,"_links":{"self":[{"href":"https:\/\/ozince.com\/magaza\/wp-json\/wp\/v2\/product\/5425","targetHints":{"allow":["GET"]}}],"collection":[{"href":"https:\/\/ozince.com\/magaza\/wp-json\/wp\/v2\/product"}],"about":[{"href":"https:\/\/ozince.com\/magaza\/wp-json\/wp\/v2\/types\/product"}],"wp:featuredmedia":[{"embeddable":true,"href":"https:\/\/ozince.com\/magaza\/wp-json\/wp\/v2\/media\/5351"}],"wp:attachment":[{"href":"https:\/\/ozince.com\/magaza\/wp-json\/wp\/v2\/media?parent=5425"}],"wp:term":[{"taxonomy":"product_brand","embeddable":true,"href":"https:\/\/ozince.com\/magaza\/wp-json\/wp\/v2\/product_brand?post=5425"},{"taxonomy":"product_cat","embeddable":true,"href":"https:\/\/ozince.com\/magaza\/wp-json\/wp\/v2\/product_cat?post=5425"},{"taxonomy":"product_tag","embeddable":true,"href":"https:\/\/ozince.com\/magaza\/wp-json\/wp\/v2\/product_tag?post=5425"}],"curies":[{"name":"wp","href":"https:\/\/api.w.org\/{rel}","templated":true}]}}