{"id":5421,"date":"2025-08-20T16:14:09","date_gmt":"2025-08-20T13:14:09","guid":{"rendered":"https:\/\/ozince.com\/magaza\/urun\/skf-vkma05193-opel-insignia-a-2-0-dizel-triger-seti\/"},"modified":"2025-08-20T16:14:10","modified_gmt":"2025-08-20T13:14:10","slug":"skf-vkma05193-opel-insignia-a-2-0-dizel-triger-seti","status":"publish","type":"product","link":"https:\/\/ozince.com\/magaza\/motor-mekanik-urunleri\/skf-vkma05193-opel-insignia-a-2-0-dizel-triger-seti\/","title":{"rendered":"SKF VKMA05193 OPEL INSIGNIA A 2.0 D\u0130ZEL TR\u0130GER SET\u0130"},"content":{"rendered":"<p>\u00dcR\u00dcN OPEL \u0130NS\u0130GN\u0130A A 2.0 D\u0130ZEL \/ VECTRA C Z1.9DTH \/ ZAF\u0130RA B Z1.9DTH MODELLER\u0130NE UYGUNDUR.<\/p>\n","protected":false},"excerpt":{"rendered":"<p>\u00dcR\u00dcN OPEL \u0130NS\u0130GN\u0130A A 2.0 D\u0130ZEL \/ VECTRA C Z1.9DTH \/ ZAF\u0130RA B Z1.9DTH MODELLER\u0130NE UYGUNDUR.<\/p>\n","protected":false},"featured_media":5205,"template":"","meta":[],"product_brand":[307],"product_cat":[298],"product_tag":[],"class_list":{"0":"post-5421","1":"product","2":"type-product","3":"status-publish","4":"has-post-thumbnail","6":"arac_markasi_modeli-insignia-a","7":"arac_markasi_modeli-opel","8":"product_brand-skf","9":"product_cat-motor-mekanik-urunleri","11":"first","12":"instock","13":"taxable","14":"shipping-taxable","15":"purchasable","16":"product-type-simple"},"jetpack_sharing_enabled":true,"_links":{"self":[{"href":"https:\/\/ozince.com\/magaza\/wp-json\/wp\/v2\/product\/5421","targetHints":{"allow":["GET"]}}],"collection":[{"href":"https:\/\/ozince.com\/magaza\/wp-json\/wp\/v2\/product"}],"about":[{"href":"https:\/\/ozince.com\/magaza\/wp-json\/wp\/v2\/types\/product"}],"wp:featuredmedia":[{"embeddable":true,"href":"https:\/\/ozince.com\/magaza\/wp-json\/wp\/v2\/media\/5205"}],"wp:attachment":[{"href":"https:\/\/ozince.com\/magaza\/wp-json\/wp\/v2\/media?parent=5421"}],"wp:term":[{"taxonomy":"product_brand","embeddable":true,"href":"https:\/\/ozince.com\/magaza\/wp-json\/wp\/v2\/product_brand?post=5421"},{"taxonomy":"product_cat","embeddable":true,"href":"https:\/\/ozince.com\/magaza\/wp-json\/wp\/v2\/product_cat?post=5421"},{"taxonomy":"product_tag","embeddable":true,"href":"https:\/\/ozince.com\/magaza\/wp-json\/wp\/v2\/product_tag?post=5421"}],"curies":[{"name":"wp","href":"https:\/\/api.w.org\/{rel}","templated":true}]}}