{"id":5417,"date":"2025-08-20T16:14:09","date_gmt":"2025-08-20T13:14:09","guid":{"rendered":"https:\/\/ozince.com\/magaza\/urun\/psa-95528472-opel-astra-j-insignia-a-b-1-6d-triger-zincir-seti\/"},"modified":"2025-08-20T16:14:10","modified_gmt":"2025-08-20T13:14:10","slug":"psa-95528472-opel-astra-j-insignia-a-b-1-6d-triger-zincir-seti","status":"publish","type":"product","link":"https:\/\/ozince.com\/magaza\/motor-mekanik-urunleri\/psa-95528472-opel-astra-j-insignia-a-b-1-6d-triger-zincir-seti\/","title":{"rendered":"PSA 95528472 OPEL ASTRA J &#8211; \u0130NS\u0130GN\u0130A A-B 1.6D TR\u0130GER Z\u0130NC\u0130R SET\u0130"},"content":{"rendered":"<p>\u00dcR\u00dcN OPEL ASTRA J \/ ASTRA K \/ MOKKA \/ \u0130NS\u0130GN\u0130A A \/ \u0130NS\u0130GN\u0130A B 1.6 D\u0130ZEL MODELLER\u0130NE UYGUNDUR. (11 PAR\u00c7ADIR). <\/p>\n<p>TEKN\u0130K B\u0130LG\u0130 <\/p>\n<p>Z\u0130NC\u0130R BAKLA SAYISI: 96 <\/p>\n<p>OR\u0130J\u0130NAL \u00dcR\u00dcND\u00dcR.<\/p>\n","protected":false},"excerpt":{"rendered":"<p>\u00dcR\u00dcN OPEL ASTRA J \/ ASTRA K \/ MOKKA \/ \u0130NS\u0130GN\u0130A A \/ \u0130NS\u0130GN\u0130A B 1.6 D\u0130ZEL MODELLER\u0130NE UYGUNDUR. (11 PAR\u00c7ADIR). TEKN\u0130K B\u0130LG\u0130 Z\u0130NC\u0130R BAKLA SAYISI: 96 OR\u0130J\u0130NAL \u00dcR\u00dcND\u00dcR.<\/p>\n","protected":false},"featured_media":5197,"template":"","meta":[],"product_brand":[293],"product_cat":[298],"product_tag":[],"class_list":{"0":"post-5417","1":"product","2":"type-product","3":"status-publish","4":"has-post-thumbnail","6":"arac_markasi_modeli-astra-j","7":"arac_markasi_modeli-insignia-a","8":"arac_markasi_modeli-insignia-b","9":"arac_markasi_modeli-opel","10":"product_brand-psa","11":"product_cat-motor-mekanik-urunleri","13":"first","14":"instock","15":"taxable","16":"shipping-taxable","17":"purchasable","18":"product-type-simple"},"jetpack_sharing_enabled":true,"_links":{"self":[{"href":"https:\/\/ozince.com\/magaza\/wp-json\/wp\/v2\/product\/5417","targetHints":{"allow":["GET"]}}],"collection":[{"href":"https:\/\/ozince.com\/magaza\/wp-json\/wp\/v2\/product"}],"about":[{"href":"https:\/\/ozince.com\/magaza\/wp-json\/wp\/v2\/types\/product"}],"wp:featuredmedia":[{"embeddable":true,"href":"https:\/\/ozince.com\/magaza\/wp-json\/wp\/v2\/media\/5197"}],"wp:attachment":[{"href":"https:\/\/ozince.com\/magaza\/wp-json\/wp\/v2\/media?parent=5417"}],"wp:term":[{"taxonomy":"product_brand","embeddable":true,"href":"https:\/\/ozince.com\/magaza\/wp-json\/wp\/v2\/product_brand?post=5417"},{"taxonomy":"product_cat","embeddable":true,"href":"https:\/\/ozince.com\/magaza\/wp-json\/wp\/v2\/product_cat?post=5417"},{"taxonomy":"product_tag","embeddable":true,"href":"https:\/\/ozince.com\/magaza\/wp-json\/wp\/v2\/product_tag?post=5417"}],"curies":[{"name":"wp","href":"https:\/\/api.w.org\/{rel}","templated":true}]}}