{"id":5413,"date":"2025-08-20T16:14:09","date_gmt":"2025-08-20T13:14:09","guid":{"rendered":"https:\/\/ozince.com\/magaza\/urun\/mopar-1654516080-citroen-c-elysee-c2-c3-c4-1-2-puretech-triger-seti\/"},"modified":"2025-08-20T16:14:09","modified_gmt":"2025-08-20T13:14:09","slug":"mopar-1654516080-citroen-c-elysee-c2-c3-c4-1-2-puretech-triger-seti","status":"publish","type":"product","link":"https:\/\/ozince.com\/magaza\/motor-mekanik-urunleri\/mopar-1654516080-citroen-c-elysee-c2-c3-c4-1-2-puretech-triger-seti\/","title":{"rendered":"MOPAR 1654516080 C\u0130TROEN C-ELYSEE C2 &#8211; C3 &#8211; C4 1.2 PURETECH TR\u0130GER SET\u0130"},"content":{"rendered":"<p>\u00dcR\u00dcN C\u0130TROEN C-ELYSEE \/ C1 \/ C2 \/ C3 \/ C4 \/ C5 1.2 BENZ\u0130NL\u0130 MODELLER\u0130NE UYGUNDUR. (YA\u011eLI KAYI\u015e)<\/p>\n<p>OR\u0130J\u0130NAL \u00dcR\u00dcND\u00dcR.<\/p>\n","protected":false},"excerpt":{"rendered":"<p>\u00dcR\u00dcN C\u0130TROEN C-ELYSEE \/ C1 \/ C2 \/ C3 \/ C4 \/ C5 1.2 BENZ\u0130NL\u0130 MODELLER\u0130NE UYGUNDUR. (YA\u011eLI KAYI\u015e) OR\u0130J\u0130NAL \u00dcR\u00dcND\u00dcR.<\/p>\n","protected":false},"featured_media":5189,"template":"","meta":[],"product_brand":[305],"product_cat":[298],"product_tag":[],"class_list":{"0":"post-5413","1":"product","2":"type-product","3":"status-publish","4":"has-post-thumbnail","6":"arac_markasi_modeli-c-elysee","7":"arac_markasi_modeli-c2","8":"arac_markasi_modeli-c3","9":"arac_markasi_modeli-c4","10":"arac_markasi_modeli-citroen","11":"product_brand-mopar","12":"product_cat-motor-mekanik-urunleri","14":"first","15":"instock","16":"taxable","17":"shipping-taxable","18":"purchasable","19":"product-type-simple"},"jetpack_sharing_enabled":true,"_links":{"self":[{"href":"https:\/\/ozince.com\/magaza\/wp-json\/wp\/v2\/product\/5413","targetHints":{"allow":["GET"]}}],"collection":[{"href":"https:\/\/ozince.com\/magaza\/wp-json\/wp\/v2\/product"}],"about":[{"href":"https:\/\/ozince.com\/magaza\/wp-json\/wp\/v2\/types\/product"}],"wp:featuredmedia":[{"embeddable":true,"href":"https:\/\/ozince.com\/magaza\/wp-json\/wp\/v2\/media\/5189"}],"wp:attachment":[{"href":"https:\/\/ozince.com\/magaza\/wp-json\/wp\/v2\/media?parent=5413"}],"wp:term":[{"taxonomy":"product_brand","embeddable":true,"href":"https:\/\/ozince.com\/magaza\/wp-json\/wp\/v2\/product_brand?post=5413"},{"taxonomy":"product_cat","embeddable":true,"href":"https:\/\/ozince.com\/magaza\/wp-json\/wp\/v2\/product_cat?post=5413"},{"taxonomy":"product_tag","embeddable":true,"href":"https:\/\/ozince.com\/magaza\/wp-json\/wp\/v2\/product_tag?post=5413"}],"curies":[{"name":"wp","href":"https:\/\/api.w.org\/{rel}","templated":true}]}}