{"id":5409,"date":"2025-08-20T16:14:06","date_gmt":"2025-08-20T13:14:06","guid":{"rendered":"https:\/\/ozince.com\/magaza\/urun\/mopar-1638159680-citroen-c-elysee-c3-c4-c5-1-5-bluehdi-triger-seti-devirdaim\/"},"modified":"2025-08-20T16:14:08","modified_gmt":"2025-08-20T13:14:08","slug":"mopar-1638159680-citroen-c-elysee-c3-c4-c5-1-5-bluehdi-triger-seti-devirdaim","status":"publish","type":"product","link":"https:\/\/ozince.com\/magaza\/motor-mekanik-urunleri\/mopar-1638159680-citroen-c-elysee-c3-c4-c5-1-5-bluehdi-triger-seti-devirdaim\/","title":{"rendered":"MOPAR 1638159680 C\u0130TROEN C-ELYSEE &#8211; C3 &#8211; C4 &#8211; C5 1.5 BLUEHD\u0130 TR\u0130GER SET\u0130 + DEV\u0130RDA\u0130M"},"content":{"rendered":"<p>\u00dcR\u00dcN C\u0130TROEN BERL\u0130NGO \/ C3 \/ C4 \/ C5 \/ C-ELYSEE \/ JUMPY 1.5 D\u0130ZEL MODELLER\u0130NE UYGUNDUR.  <\/p>\n<p>TR\u0130GER SET\u0130 VE DEV\u0130RDA\u0130MLE B\u0130RL\u0130KTED\u0130R. <\/p>\n<p>OR\u0130J\u0130NAL \u00dcR\u00dcND\u00dcR.<\/p>\n","protected":false},"excerpt":{"rendered":"<p>\u00dcR\u00dcN C\u0130TROEN BERL\u0130NGO \/ C3 \/ C4 \/ C5 \/ C-ELYSEE \/ JUMPY 1.5 D\u0130ZEL MODELLER\u0130NE UYGUNDUR. TR\u0130GER SET\u0130 VE DEV\u0130RDA\u0130MLE B\u0130RL\u0130KTED\u0130R. OR\u0130J\u0130NAL \u00dcR\u00dcND\u00dcR.<\/p>\n","protected":false},"featured_media":5181,"template":"","meta":[],"product_brand":[305],"product_cat":[298],"product_tag":[],"class_list":{"0":"post-5409","1":"product","2":"type-product","3":"status-publish","4":"has-post-thumbnail","6":"arac_markasi_modeli-c-elysee","7":"arac_markasi_modeli-c3","8":"arac_markasi_modeli-c4","9":"arac_markasi_modeli-c5","10":"arac_markasi_modeli-citroen","11":"product_brand-mopar","12":"product_cat-motor-mekanik-urunleri","14":"first","15":"instock","16":"taxable","17":"shipping-taxable","18":"purchasable","19":"product-type-simple"},"jetpack_sharing_enabled":true,"_links":{"self":[{"href":"https:\/\/ozince.com\/magaza\/wp-json\/wp\/v2\/product\/5409","targetHints":{"allow":["GET"]}}],"collection":[{"href":"https:\/\/ozince.com\/magaza\/wp-json\/wp\/v2\/product"}],"about":[{"href":"https:\/\/ozince.com\/magaza\/wp-json\/wp\/v2\/types\/product"}],"wp:featuredmedia":[{"embeddable":true,"href":"https:\/\/ozince.com\/magaza\/wp-json\/wp\/v2\/media\/5181"}],"wp:attachment":[{"href":"https:\/\/ozince.com\/magaza\/wp-json\/wp\/v2\/media?parent=5409"}],"wp:term":[{"taxonomy":"product_brand","embeddable":true,"href":"https:\/\/ozince.com\/magaza\/wp-json\/wp\/v2\/product_brand?post=5409"},{"taxonomy":"product_cat","embeddable":true,"href":"https:\/\/ozince.com\/magaza\/wp-json\/wp\/v2\/product_cat?post=5409"},{"taxonomy":"product_tag","embeddable":true,"href":"https:\/\/ozince.com\/magaza\/wp-json\/wp\/v2\/product_tag?post=5409"}],"curies":[{"name":"wp","href":"https:\/\/api.w.org\/{rel}","templated":true}]}}