{"id":5407,"date":"2025-08-20T16:14:06","date_gmt":"2025-08-20T13:14:06","guid":{"rendered":"https:\/\/ozince.com\/magaza\/urun\/ina-530072410-opel-astra-h-j-1-6-benzinli-triger-seti\/"},"modified":"2025-08-20T16:14:08","modified_gmt":"2025-08-20T13:14:08","slug":"ina-530072410-opel-astra-h-j-1-6-benzinli-triger-seti","status":"publish","type":"product","link":"https:\/\/ozince.com\/magaza\/motor-mekanik-urunleri\/ina-530072410-opel-astra-h-j-1-6-benzinli-triger-seti\/","title":{"rendered":"INA 530072410 OPEL ASTRA H-J 1.6 BENZ\u0130NL\u0130 TR\u0130GER SET\u0130"},"content":{"rendered":"<p>\u00dcR\u00dcN OPEL ASTRA H \/ ASTRA J \/ \u0130NS\u0130GN\u0130A A \/ MER\u0130VA A 1.6 BENZ\u0130NL\u0130 MODELLER\u0130NE UYGUNDUR. <\/p>\n<p>TEKN\u0130K B\u0130LG\u0130 <\/p>\n<p>D\u0130\u015e SAYISI: 146<br \/>\nGEN\u0130\u015eL\u0130K (MM): 24<\/p>\n","protected":false},"excerpt":{"rendered":"<p>\u00dcR\u00dcN OPEL ASTRA H \/ ASTRA J \/ \u0130NS\u0130GN\u0130A A \/ MER\u0130VA A 1.6 BENZ\u0130NL\u0130 MODELLER\u0130NE UYGUNDUR. TEKN\u0130K B\u0130LG\u0130 D\u0130\u015e SAYISI: 146 GEN\u0130\u015eL\u0130K (MM): 24<\/p>\n","protected":false},"featured_media":5354,"template":"","meta":[],"product_brand":[303],"product_cat":[298],"product_tag":[],"class_list":{"0":"post-5407","1":"product","2":"type-product","3":"status-publish","4":"has-post-thumbnail","6":"arac_markasi_modeli-astra-h","7":"arac_markasi_modeli-astra-j","8":"arac_markasi_modeli-opel","9":"product_brand-ina","10":"product_cat-motor-mekanik-urunleri","12":"first","13":"outofstock","14":"taxable","15":"shipping-taxable","16":"purchasable","17":"product-type-simple"},"jetpack_sharing_enabled":true,"_links":{"self":[{"href":"https:\/\/ozince.com\/magaza\/wp-json\/wp\/v2\/product\/5407","targetHints":{"allow":["GET"]}}],"collection":[{"href":"https:\/\/ozince.com\/magaza\/wp-json\/wp\/v2\/product"}],"about":[{"href":"https:\/\/ozince.com\/magaza\/wp-json\/wp\/v2\/types\/product"}],"wp:featuredmedia":[{"embeddable":true,"href":"https:\/\/ozince.com\/magaza\/wp-json\/wp\/v2\/media\/5354"}],"wp:attachment":[{"href":"https:\/\/ozince.com\/magaza\/wp-json\/wp\/v2\/media?parent=5407"}],"wp:term":[{"taxonomy":"product_brand","embeddable":true,"href":"https:\/\/ozince.com\/magaza\/wp-json\/wp\/v2\/product_brand?post=5407"},{"taxonomy":"product_cat","embeddable":true,"href":"https:\/\/ozince.com\/magaza\/wp-json\/wp\/v2\/product_cat?post=5407"},{"taxonomy":"product_tag","embeddable":true,"href":"https:\/\/ozince.com\/magaza\/wp-json\/wp\/v2\/product_tag?post=5407"}],"curies":[{"name":"wp","href":"https:\/\/api.w.org\/{rel}","templated":true}]}}