{"id":5406,"date":"2025-08-20T16:14:06","date_gmt":"2025-08-20T13:14:06","guid":{"rendered":"https:\/\/ozince.com\/magaza\/urun\/ina-530044110-opel-astra-g-vectra-c-x1-6xel-z1-6xe-triger-seti\/"},"modified":"2025-08-20T16:14:08","modified_gmt":"2025-08-20T13:14:08","slug":"ina-530044110-opel-astra-g-vectra-c-x1-6xel-z1-6xe-triger-seti","status":"publish","type":"product","link":"https:\/\/ozince.com\/magaza\/motor-mekanik-urunleri\/ina-530044110-opel-astra-g-vectra-c-x1-6xel-z1-6xe-triger-seti\/","title":{"rendered":"INA 530044110 OPEL ASTRA G &#8211; VECTRA C X1.6XEL &#8211; Z1.6XE TR\u0130GER SET\u0130"},"content":{"rendered":"<p>\u00dcR\u00dcN OPEL ASTRA G 1.4 &#8211; 1.6 BENZ\u0130NL\u0130 \/ MER\u0130VA A Z1.6XE \/ CORSA C Z1.4XE \/ VECTRA C Z1.6XE MODELLER\u0130NE UYGUNDUR. <\/p>\n<p>TEKN\u0130K B\u0130LG\u0130 <\/p>\n<p>D\u0130\u015e SAYISI: 162 <\/p>\n<p>SET \u0130\u00c7ER\u0130\u011e\u0130; TR\u0130GER KAYI\u015eI, TR\u0130GER GERG\u0130 RULMANI, AVARE UFAK VE B\u00dcY\u00dcK B\u0130LYASI.<\/p>\n","protected":false},"excerpt":{"rendered":"<p>\u00dcR\u00dcN OPEL ASTRA G 1.4 &#8211; 1.6 BENZ\u0130NL\u0130 \/ MER\u0130VA A Z1.6XE \/ CORSA C Z1.4XE \/ VECTRA C Z1.6XE MODELLER\u0130NE UYGUNDUR. TEKN\u0130K B\u0130LG\u0130 D\u0130\u015e SAYISI: 162 SET \u0130\u00c7ER\u0130\u011e\u0130; TR\u0130GER KAYI\u015eI, TR\u0130GER GERG\u0130 RULMANI, AVARE UFAK VE B\u00dcY\u00dcK B\u0130LYASI.<\/p>\n","protected":false},"featured_media":5176,"template":"","meta":[],"product_brand":[303],"product_cat":[298],"product_tag":[],"class_list":{"0":"post-5406","1":"product","2":"type-product","3":"status-publish","4":"has-post-thumbnail","6":"arac_markasi_modeli-astra-g","7":"arac_markasi_modeli-opel","8":"arac_markasi_modeli-vectra-c","9":"product_brand-ina","10":"product_cat-motor-mekanik-urunleri","12":"first","13":"instock","14":"taxable","15":"shipping-taxable","16":"purchasable","17":"product-type-simple"},"jetpack_sharing_enabled":true,"_links":{"self":[{"href":"https:\/\/ozince.com\/magaza\/wp-json\/wp\/v2\/product\/5406","targetHints":{"allow":["GET"]}}],"collection":[{"href":"https:\/\/ozince.com\/magaza\/wp-json\/wp\/v2\/product"}],"about":[{"href":"https:\/\/ozince.com\/magaza\/wp-json\/wp\/v2\/types\/product"}],"wp:featuredmedia":[{"embeddable":true,"href":"https:\/\/ozince.com\/magaza\/wp-json\/wp\/v2\/media\/5176"}],"wp:attachment":[{"href":"https:\/\/ozince.com\/magaza\/wp-json\/wp\/v2\/media?parent=5406"}],"wp:term":[{"taxonomy":"product_brand","embeddable":true,"href":"https:\/\/ozince.com\/magaza\/wp-json\/wp\/v2\/product_brand?post=5406"},{"taxonomy":"product_cat","embeddable":true,"href":"https:\/\/ozince.com\/magaza\/wp-json\/wp\/v2\/product_cat?post=5406"},{"taxonomy":"product_tag","embeddable":true,"href":"https:\/\/ozince.com\/magaza\/wp-json\/wp\/v2\/product_tag?post=5406"}],"curies":[{"name":"wp","href":"https:\/\/api.w.org\/{rel}","templated":true}]}}