{"id":5405,"date":"2025-08-20T16:14:06","date_gmt":"2025-08-20T13:14:06","guid":{"rendered":"https:\/\/ozince.com\/magaza\/urun\/ina-530004910-opel-vectra-b-x2-0xev-triger-seti\/"},"modified":"2025-08-20T16:14:08","modified_gmt":"2025-08-20T13:14:08","slug":"ina-530004910-opel-vectra-b-x2-0xev-triger-seti","status":"publish","type":"product","link":"https:\/\/ozince.com\/magaza\/motor-mekanik-urunleri\/ina-530004910-opel-vectra-b-x2-0xev-triger-seti\/","title":{"rendered":"INA 530004910 OPEL VECTRA B X2.0XEV TR\u0130GER SET\u0130"},"content":{"rendered":"<p>\u00dcR\u00dcN OPEL VECTRA B X2.0XEV MODEL\u0130NE UYGUNDUR. <\/p>\n<p>TEKN\u0130K B\u0130LG\u0130 <\/p>\n<p>D\u0130\u015e SAYISI: 169<br \/>\nGEN\u0130\u015eL\u0130K (MM): 24<\/p>\n","protected":false},"excerpt":{"rendered":"<p>\u00dcR\u00dcN OPEL VECTRA B X2.0XEV MODEL\u0130NE UYGUNDUR. TEKN\u0130K B\u0130LG\u0130 D\u0130\u015e SAYISI: 169 GEN\u0130\u015eL\u0130K (MM): 24<\/p>\n","protected":false},"featured_media":5174,"template":"","meta":[],"product_brand":[303],"product_cat":[298],"product_tag":[],"class_list":{"0":"post-5405","1":"product","2":"type-product","3":"status-publish","4":"has-post-thumbnail","6":"arac_markasi_modeli-opel","7":"arac_markasi_modeli-vectra-b","8":"product_brand-ina","9":"product_cat-motor-mekanik-urunleri","11":"first","12":"instock","13":"taxable","14":"shipping-taxable","15":"purchasable","16":"product-type-simple"},"jetpack_sharing_enabled":true,"_links":{"self":[{"href":"https:\/\/ozince.com\/magaza\/wp-json\/wp\/v2\/product\/5405","targetHints":{"allow":["GET"]}}],"collection":[{"href":"https:\/\/ozince.com\/magaza\/wp-json\/wp\/v2\/product"}],"about":[{"href":"https:\/\/ozince.com\/magaza\/wp-json\/wp\/v2\/types\/product"}],"wp:featuredmedia":[{"embeddable":true,"href":"https:\/\/ozince.com\/magaza\/wp-json\/wp\/v2\/media\/5174"}],"wp:attachment":[{"href":"https:\/\/ozince.com\/magaza\/wp-json\/wp\/v2\/media?parent=5405"}],"wp:term":[{"taxonomy":"product_brand","embeddable":true,"href":"https:\/\/ozince.com\/magaza\/wp-json\/wp\/v2\/product_brand?post=5405"},{"taxonomy":"product_cat","embeddable":true,"href":"https:\/\/ozince.com\/magaza\/wp-json\/wp\/v2\/product_cat?post=5405"},{"taxonomy":"product_tag","embeddable":true,"href":"https:\/\/ozince.com\/magaza\/wp-json\/wp\/v2\/product_tag?post=5405"}],"curies":[{"name":"wp","href":"https:\/\/api.w.org\/{rel}","templated":true}]}}