{"id":5404,"date":"2025-08-20T16:14:06","date_gmt":"2025-08-20T13:14:06","guid":{"rendered":"https:\/\/ozince.com\/magaza\/urun\/gm-95518770-opel-astra-j-corsa-d-1-3d-triger-zincir-seti\/"},"modified":"2025-08-20T16:14:08","modified_gmt":"2025-08-20T13:14:08","slug":"gm-95518770-opel-astra-j-corsa-d-1-3d-triger-zincir-seti","status":"publish","type":"product","link":"https:\/\/ozince.com\/magaza\/motor-mekanik-urunleri\/gm-95518770-opel-astra-j-corsa-d-1-3d-triger-zincir-seti\/","title":{"rendered":"GM 95518770 OPEL ASTRA J &#8211; CORSA D 1.3D TR\u0130GER Z\u0130NC\u0130R SET\u0130"},"content":{"rendered":"<p>\u00dcR\u00dcN OPEL COMBO C \/ CORSA C \/ CORSA D \/ CORSA E \/ ASTRA H \/ ASTRA J \/ MER\u0130VA A \/ MER\u0130VA B \/ CHEVROLET AVEO 1.3 D\u0130ZEL MARKA VE MODELLER\u0130NE UYGUNDUR. <\/p>\n<p>TEKN\u0130K B\u0130LG\u0130 <\/p>\n<p>Z\u0130NC\u0130R BAKLA SAYISI: 120<\/p>\n","protected":false},"excerpt":{"rendered":"<p>\u00dcR\u00dcN OPEL COMBO C \/ CORSA C \/ CORSA D \/ CORSA E \/ ASTRA H \/ ASTRA J \/ MER\u0130VA A \/ MER\u0130VA B \/ CHEVROLET AVEO 1.3 D\u0130ZEL MARKA VE MODELLER\u0130NE UYGUNDUR. TEKN\u0130K B\u0130LG\u0130 Z\u0130NC\u0130R BAKLA SAYISI: 120<\/p>\n","protected":false},"featured_media":5172,"template":"","meta":[],"product_brand":[286],"product_cat":[298],"product_tag":[],"class_list":{"0":"post-5404","1":"product","2":"type-product","3":"status-publish","4":"has-post-thumbnail","6":"arac_markasi_modeli-astra-j","7":"arac_markasi_modeli-corsa-d","8":"arac_markasi_modeli-opel","9":"product_brand-gm","10":"product_cat-motor-mekanik-urunleri","12":"first","13":"instock","14":"taxable","15":"shipping-taxable","16":"purchasable","17":"product-type-simple"},"jetpack_sharing_enabled":true,"_links":{"self":[{"href":"https:\/\/ozince.com\/magaza\/wp-json\/wp\/v2\/product\/5404","targetHints":{"allow":["GET"]}}],"collection":[{"href":"https:\/\/ozince.com\/magaza\/wp-json\/wp\/v2\/product"}],"about":[{"href":"https:\/\/ozince.com\/magaza\/wp-json\/wp\/v2\/types\/product"}],"wp:featuredmedia":[{"embeddable":true,"href":"https:\/\/ozince.com\/magaza\/wp-json\/wp\/v2\/media\/5172"}],"wp:attachment":[{"href":"https:\/\/ozince.com\/magaza\/wp-json\/wp\/v2\/media?parent=5404"}],"wp:term":[{"taxonomy":"product_brand","embeddable":true,"href":"https:\/\/ozince.com\/magaza\/wp-json\/wp\/v2\/product_brand?post=5404"},{"taxonomy":"product_cat","embeddable":true,"href":"https:\/\/ozince.com\/magaza\/wp-json\/wp\/v2\/product_cat?post=5404"},{"taxonomy":"product_tag","embeddable":true,"href":"https:\/\/ozince.com\/magaza\/wp-json\/wp\/v2\/product_tag?post=5404"}],"curies":[{"name":"wp","href":"https:\/\/api.w.org\/{rel}","templated":true}]}}