{"id":5398,"date":"2025-08-20T16:14:06","date_gmt":"2025-08-20T13:14:06","guid":{"rendered":"https:\/\/ozince.com\/magaza\/urun\/gates-kp15705xs-ds-ds3-ds4-ds7-1-5-bluehdi-triger-seti-devirdaim\/"},"modified":"2025-08-20T16:14:07","modified_gmt":"2025-08-20T13:14:07","slug":"gates-kp15705xs-ds-ds3-ds4-ds7-1-5-bluehdi-triger-seti-devirdaim","status":"publish","type":"product","link":"https:\/\/ozince.com\/magaza\/motor-mekanik-urunleri\/gates-kp15705xs-ds-ds3-ds4-ds7-1-5-bluehdi-triger-seti-devirdaim\/","title":{"rendered":"GATES KP15705XS DS DS3 &#8211; DS4 &#8211; DS7 1.5 BLUEHD\u0130 TR\u0130GER SET\u0130 + DEV\u0130RDA\u0130M"},"content":{"rendered":"<p>\u00dcR\u00dcN DS DS3 \/ DS4 \/ DS7 1.5 D\u0130ZEL MODELLER\u0130NE UYGUNDUR. <\/p>\n<p>TR\u0130GER SET\u0130 VE DEV\u0130RDA\u0130MLE B\u0130RL\u0130KTED\u0130R.<\/p>\n","protected":false},"excerpt":{"rendered":"<p>\u00dcR\u00dcN DS DS3 \/ DS4 \/ DS7 1.5 D\u0130ZEL MODELLER\u0130NE UYGUNDUR. TR\u0130GER SET\u0130 VE DEV\u0130RDA\u0130MLE B\u0130RL\u0130KTED\u0130R.<\/p>\n","protected":false},"featured_media":5154,"template":"","meta":[],"product_brand":[299],"product_cat":[298],"product_tag":[],"class_list":{"0":"post-5398","1":"product","2":"type-product","3":"status-publish","4":"has-post-thumbnail","6":"arac_markasi_modeli-ds","7":"arac_markasi_modeli-ds3","8":"arac_markasi_modeli-ds4","9":"arac_markasi_modeli-ds7","10":"product_brand-gates","11":"product_cat-motor-mekanik-urunleri","13":"first","14":"instock","15":"taxable","16":"shipping-taxable","17":"purchasable","18":"product-type-simple"},"jetpack_sharing_enabled":true,"_links":{"self":[{"href":"https:\/\/ozince.com\/magaza\/wp-json\/wp\/v2\/product\/5398","targetHints":{"allow":["GET"]}}],"collection":[{"href":"https:\/\/ozince.com\/magaza\/wp-json\/wp\/v2\/product"}],"about":[{"href":"https:\/\/ozince.com\/magaza\/wp-json\/wp\/v2\/types\/product"}],"wp:featuredmedia":[{"embeddable":true,"href":"https:\/\/ozince.com\/magaza\/wp-json\/wp\/v2\/media\/5154"}],"wp:attachment":[{"href":"https:\/\/ozince.com\/magaza\/wp-json\/wp\/v2\/media?parent=5398"}],"wp:term":[{"taxonomy":"product_brand","embeddable":true,"href":"https:\/\/ozince.com\/magaza\/wp-json\/wp\/v2\/product_brand?post=5398"},{"taxonomy":"product_cat","embeddable":true,"href":"https:\/\/ozince.com\/magaza\/wp-json\/wp\/v2\/product_cat?post=5398"},{"taxonomy":"product_tag","embeddable":true,"href":"https:\/\/ozince.com\/magaza\/wp-json\/wp\/v2\/product_tag?post=5398"}],"curies":[{"name":"wp","href":"https:\/\/api.w.org\/{rel}","templated":true}]}}