{"id":5395,"date":"2025-08-20T16:14:06","date_gmt":"2025-08-20T13:14:06","guid":{"rendered":"https:\/\/ozince.com\/magaza\/urun\/gates-5367xs-opel-vectra-a-2-0-1993-triger-kayisi\/"},"modified":"2025-08-20T16:14:07","modified_gmt":"2025-08-20T13:14:07","slug":"gates-5367xs-opel-vectra-a-2-0-1993-triger-kayisi","status":"publish","type":"product","link":"https:\/\/ozince.com\/magaza\/motor-mekanik-urunleri\/gates-5367xs-opel-vectra-a-2-0-1993-triger-kayisi\/","title":{"rendered":"GATES 5367XS OPEL VECTRA A 2.0 (1993>) TR\u0130GER KAYI\u015eI"},"content":{"rendered":"<p>\u00dcR\u00dcN OPEL VECTRA A 2.0 1993 MODEL SONRASI MODELLER\u0130NE UYGUNDUR. <\/p>\n<p>TEKN\u0130K B\u0130LG\u0130 <\/p>\n<p>D\u0130\u015e SAYISI: 146<br \/>\nGEN\u0130\u015eL\u0130K (MM): 20<\/p>\n","protected":false},"excerpt":{"rendered":"<p>\u00dcR\u00dcN OPEL VECTRA A 2.0 1993 MODEL SONRASI MODELLER\u0130NE UYGUNDUR. TEKN\u0130K B\u0130LG\u0130 D\u0130\u015e SAYISI: 146 GEN\u0130\u015eL\u0130K (MM): 20<\/p>\n","protected":false},"featured_media":5150,"template":"","meta":[],"product_brand":[299],"product_cat":[298],"product_tag":[],"class_list":{"0":"post-5395","1":"product","2":"type-product","3":"status-publish","4":"has-post-thumbnail","6":"arac_markasi_modeli-opel","7":"arac_markasi_modeli-vectra-a","8":"product_brand-gates","9":"product_cat-motor-mekanik-urunleri","11":"first","12":"instock","13":"taxable","14":"shipping-taxable","15":"purchasable","16":"product-type-simple"},"jetpack_sharing_enabled":true,"_links":{"self":[{"href":"https:\/\/ozince.com\/magaza\/wp-json\/wp\/v2\/product\/5395","targetHints":{"allow":["GET"]}}],"collection":[{"href":"https:\/\/ozince.com\/magaza\/wp-json\/wp\/v2\/product"}],"about":[{"href":"https:\/\/ozince.com\/magaza\/wp-json\/wp\/v2\/types\/product"}],"wp:featuredmedia":[{"embeddable":true,"href":"https:\/\/ozince.com\/magaza\/wp-json\/wp\/v2\/media\/5150"}],"wp:attachment":[{"href":"https:\/\/ozince.com\/magaza\/wp-json\/wp\/v2\/media?parent=5395"}],"wp:term":[{"taxonomy":"product_brand","embeddable":true,"href":"https:\/\/ozince.com\/magaza\/wp-json\/wp\/v2\/product_brand?post=5395"},{"taxonomy":"product_cat","embeddable":true,"href":"https:\/\/ozince.com\/magaza\/wp-json\/wp\/v2\/product_cat?post=5395"},{"taxonomy":"product_tag","embeddable":true,"href":"https:\/\/ozince.com\/magaza\/wp-json\/wp\/v2\/product_tag?post=5395"}],"curies":[{"name":"wp","href":"https:\/\/api.w.org\/{rel}","templated":true}]}}