{"id":5127,"date":"2025-08-15T17:29:14","date_gmt":"2025-08-15T14:29:14","guid":{"rendered":"https:\/\/ozince.com\/magaza\/urun\/zimmerman-opel-corsa-c-1-0-1-2-on-fren-diski-takimi-sogutmali-absli\/"},"modified":"2025-08-15T17:29:17","modified_gmt":"2025-08-15T14:29:17","slug":"zimmerman-opel-corsa-c-1-0-1-2-on-fren-diski-takimi-sogutmali-absli","status":"publish","type":"product","link":"https:\/\/ozince.com\/magaza\/fren-sistemi-urunleri\/zimmerman-opel-corsa-c-1-0-1-2-on-fren-diski-takimi-sogutmali-absli\/","title":{"rendered":"Z\u0130MMERMAN OPEL CORSA C 1.0 &#8211; 1.2 \u00d6N FREN D\u0130SK\u0130 TAKIMI (SO\u011eUTMALI) &#8211; (ABS&#8217;L\u0130)"},"content":{"rendered":"<p>\u00dcR\u00dcN OPEL CORSA C 1.0 &#8211; 1.2 MODEL\u0130NE UYGUNDUR. <\/p>\n<p>TEKN\u0130K B\u0130LG\u0130<\/p>\n<p>FREN D\u0130SK\u0130 T\u00dcR\u00dc: HAVALANDIRMALI<br \/>\nDI\u015e \u00c7AP (MM): 240<br \/>\nY\u00dcKSEKL\u0130K: 41<br \/>\nJANT DEL\u0130K SAYISI: 4<\/p>\n<p>SA\u011e &#8211; SOL TAKIM OLARAK SEVK ED\u0130LMEKTED\u0130R.<\/p>\n<p>S\u0130PAR\u0130\u015e VERMEDEN \u00d6NCE \u015eASE NUMARANIZ \u0130LE TEY\u0130T ETT\u0130R\u0130N\u0130Z.<\/p>\n","protected":false},"excerpt":{"rendered":"<p>\u00dcR\u00dcN OPEL CORSA C 1.0 &#8211; 1.2 MODEL\u0130NE UYGUNDUR. TEKN\u0130K B\u0130LG\u0130 FREN D\u0130SK\u0130 T\u00dcR\u00dc: HAVALANDIRMALI DI\u015e \u00c7AP (MM): 240 Y\u00dcKSEKL\u0130K: 41 JANT DEL\u0130K SAYISI: 4 SA\u011e &#8211; SOL TAKIM OLARAK SEVK ED\u0130LMEKTED\u0130R. S\u0130PAR\u0130\u015e VERMEDEN \u00d6NCE \u015eASE NUMARANIZ \u0130LE TEY\u0130T ETT\u0130R\u0130N\u0130Z.<\/p>\n","protected":false},"featured_media":5128,"template":"","meta":[],"product_brand":[296],"product_cat":[257],"product_tag":[],"class_list":{"0":"post-5127","1":"product","2":"type-product","3":"status-publish","4":"has-post-thumbnail","6":"arac_markasi_modeli-corsa-c","7":"arac_markasi_modeli-opel","8":"product_brand-zimmerman","9":"product_cat-fren-sistemi-urunleri","11":"first","12":"instock","13":"taxable","14":"shipping-taxable","15":"purchasable","16":"product-type-simple"},"jetpack_sharing_enabled":true,"_links":{"self":[{"href":"https:\/\/ozince.com\/magaza\/wp-json\/wp\/v2\/product\/5127","targetHints":{"allow":["GET"]}}],"collection":[{"href":"https:\/\/ozince.com\/magaza\/wp-json\/wp\/v2\/product"}],"about":[{"href":"https:\/\/ozince.com\/magaza\/wp-json\/wp\/v2\/types\/product"}],"wp:featuredmedia":[{"embeddable":true,"href":"https:\/\/ozince.com\/magaza\/wp-json\/wp\/v2\/media\/5128"}],"wp:attachment":[{"href":"https:\/\/ozince.com\/magaza\/wp-json\/wp\/v2\/media?parent=5127"}],"wp:term":[{"taxonomy":"product_brand","embeddable":true,"href":"https:\/\/ozince.com\/magaza\/wp-json\/wp\/v2\/product_brand?post=5127"},{"taxonomy":"product_cat","embeddable":true,"href":"https:\/\/ozince.com\/magaza\/wp-json\/wp\/v2\/product_cat?post=5127"},{"taxonomy":"product_tag","embeddable":true,"href":"https:\/\/ozince.com\/magaza\/wp-json\/wp\/v2\/product_tag?post=5127"}],"curies":[{"name":"wp","href":"https:\/\/api.w.org\/{rel}","templated":true}]}}