{"id":5104,"date":"2025-08-15T17:29:03","date_gmt":"2025-08-15T14:29:03","guid":{"rendered":"https:\/\/ozince.com\/magaza\/urun\/psa-1643574180-citroen-c4-arka-fren-diski-takimi-sogutmasiz\/"},"modified":"2025-08-15T17:29:13","modified_gmt":"2025-08-15T14:29:13","slug":"psa-1643574180-citroen-c4-arka-fren-diski-takimi-sogutmasiz","status":"publish","type":"product","link":"https:\/\/ozince.com\/magaza\/fren-sistemi-urunleri\/psa-1643574180-citroen-c4-arka-fren-diski-takimi-sogutmasiz\/","title":{"rendered":"PSA 1643574180 C\u0130TROEN C4 ARKA FREN D\u0130SK\u0130 TAKIMI (SO\u011eUTMASIZ)"},"content":{"rendered":"<p>\u00dcR\u00dcN C\u0130TROEN C4 MODEL\u0130NE UYGUNDUR. <\/p>\n<p>TEKN\u0130K B\u0130LG\u0130 <\/p>\n<p>DI\u015e \u00c7AP (MM): 249<br \/>\nY\u00dcKSEKL\u0130K: 35<br \/>\nJANT DEL\u0130K SAYISI: 4<\/p>\n<p>SA\u011e &#8211; SOL TAKIM OLARAK SEVK ED\u0130LMEKTED\u0130R.<\/p>\n<p>S\u0130PAR\u0130\u015e VERMEDEN \u00d6NCE \u015eASE NUMARANIZ \u0130LE TEY\u0130T ETT\u0130R\u0130N\u0130Z.<\/p>\n","protected":false},"excerpt":{"rendered":"<p>\u00dcR\u00dcN C\u0130TROEN C4 MODEL\u0130NE UYGUNDUR. TEKN\u0130K B\u0130LG\u0130 DI\u015e \u00c7AP (MM): 249 Y\u00dcKSEKL\u0130K: 35 JANT DEL\u0130K SAYISI: 4 SA\u011e &#8211; SOL TAKIM OLARAK SEVK ED\u0130LMEKTED\u0130R. S\u0130PAR\u0130\u015e VERMEDEN \u00d6NCE \u015eASE NUMARANIZ \u0130LE TEY\u0130T ETT\u0130R\u0130N\u0130Z.<\/p>\n","protected":false},"featured_media":5105,"template":"","meta":[],"product_brand":[293],"product_cat":[257],"product_tag":[],"class_list":{"0":"post-5104","1":"product","2":"type-product","3":"status-publish","4":"has-post-thumbnail","6":"arac_markasi_modeli-c4","7":"arac_markasi_modeli-citroen","8":"product_brand-psa","9":"product_cat-fren-sistemi-urunleri","11":"first","12":"instock","13":"taxable","14":"shipping-taxable","15":"purchasable","16":"product-type-simple"},"jetpack_sharing_enabled":true,"_links":{"self":[{"href":"https:\/\/ozince.com\/magaza\/wp-json\/wp\/v2\/product\/5104","targetHints":{"allow":["GET"]}}],"collection":[{"href":"https:\/\/ozince.com\/magaza\/wp-json\/wp\/v2\/product"}],"about":[{"href":"https:\/\/ozince.com\/magaza\/wp-json\/wp\/v2\/types\/product"}],"wp:featuredmedia":[{"embeddable":true,"href":"https:\/\/ozince.com\/magaza\/wp-json\/wp\/v2\/media\/5105"}],"wp:attachment":[{"href":"https:\/\/ozince.com\/magaza\/wp-json\/wp\/v2\/media?parent=5104"}],"wp:term":[{"taxonomy":"product_brand","embeddable":true,"href":"https:\/\/ozince.com\/magaza\/wp-json\/wp\/v2\/product_brand?post=5104"},{"taxonomy":"product_cat","embeddable":true,"href":"https:\/\/ozince.com\/magaza\/wp-json\/wp\/v2\/product_cat?post=5104"},{"taxonomy":"product_tag","embeddable":true,"href":"https:\/\/ozince.com\/magaza\/wp-json\/wp\/v2\/product_tag?post=5104"}],"curies":[{"name":"wp","href":"https:\/\/api.w.org\/{rel}","templated":true}]}}