{"id":5069,"date":"2025-08-15T17:29:03","date_gmt":"2025-08-15T14:29:03","guid":{"rendered":"https:\/\/ozince.com\/magaza\/urun\/delphi-bg9410rsc-peugeot-208-2008-arka-fren-diski-takimi-rulmanli\/"},"modified":"2025-08-29T14:56:22","modified_gmt":"2025-08-29T11:56:22","slug":"delphi-bg9410rsc-peugeot-208-2008-arka-fren-diski-takimi-rulmanli","status":"publish","type":"product","link":"https:\/\/ozince.com\/magaza\/fren-sistemi-urunleri\/delphi-bg9410rsc-peugeot-208-2008-arka-fren-diski-takimi-rulmanli\/","title":{"rendered":"DELPH\u0130 BG9410RSC PEUGEOT 208 &#8211; 2008 ARKA FREN D\u0130SK\u0130 TAKIMI (RULMANLI)"},"content":{"rendered":"<p>\u00dcR\u00dcN PEUGEOT 208 \/ 2008 MODELLER\u0130NE UYGUNDUR.<\/p>\n<p>TEKN\u0130K B\u0130LG\u0130<\/p>\n<p>DI\u015e \u00c7AP (MM): 244<br \/>\nY\u00dcKSEKL\u0130K: 69<br \/>\nJANT DEL\u0130K SAYISI: 4<\/p>\n<p>SA\u011e &#8211; SOL TAKIM OLARAK SEVK ED\u0130LMEKTED\u0130R.<\/p>\n<p>S\u0130PAR\u0130\u015e VERMEDEN \u00d6NCE \u015eASE NUMARANIZ \u0130LE TEY\u0130T ETT\u0130R\u0130N\u0130Z.<\/p>\n","protected":false},"excerpt":{"rendered":"<p>\u00dcR\u00dcN PEUGEOT 208 \/ 2008 MODELLER\u0130NE UYGUNDUR. TEKN\u0130K B\u0130LG\u0130 DI\u015e \u00c7AP (MM): 244 Y\u00dcKSEKL\u0130K: 69 JANT DEL\u0130K SAYISI: 4 SA\u011e &#8211; SOL TAKIM OLARAK SEVK ED\u0130LMEKTED\u0130R. S\u0130PAR\u0130\u015e VERMEDEN \u00d6NCE \u015eASE NUMARANIZ \u0130LE TEY\u0130T ETT\u0130R\u0130N\u0130Z.<\/p>\n","protected":false},"featured_media":5070,"template":"","meta":[],"product_brand":[236],"product_cat":[257],"product_tag":[],"class_list":{"0":"post-5069","1":"product","2":"type-product","3":"status-publish","4":"has-post-thumbnail","6":"arac_markasi_modeli-250","7":"arac_markasi_modeli-282","8":"arac_markasi_modeli-peugeot","9":"product_brand-delphi","10":"product_cat-fren-sistemi-urunleri","12":"first","13":"instock","14":"taxable","15":"shipping-taxable","16":"purchasable","17":"product-type-simple"},"jetpack_sharing_enabled":true,"_links":{"self":[{"href":"https:\/\/ozince.com\/magaza\/wp-json\/wp\/v2\/product\/5069","targetHints":{"allow":["GET"]}}],"collection":[{"href":"https:\/\/ozince.com\/magaza\/wp-json\/wp\/v2\/product"}],"about":[{"href":"https:\/\/ozince.com\/magaza\/wp-json\/wp\/v2\/types\/product"}],"wp:featuredmedia":[{"embeddable":true,"href":"https:\/\/ozince.com\/magaza\/wp-json\/wp\/v2\/media\/5070"}],"wp:attachment":[{"href":"https:\/\/ozince.com\/magaza\/wp-json\/wp\/v2\/media?parent=5069"}],"wp:term":[{"taxonomy":"product_brand","embeddable":true,"href":"https:\/\/ozince.com\/magaza\/wp-json\/wp\/v2\/product_brand?post=5069"},{"taxonomy":"product_cat","embeddable":true,"href":"https:\/\/ozince.com\/magaza\/wp-json\/wp\/v2\/product_cat?post=5069"},{"taxonomy":"product_tag","embeddable":true,"href":"https:\/\/ozince.com\/magaza\/wp-json\/wp\/v2\/product_tag?post=5069"}],"curies":[{"name":"wp","href":"https:\/\/api.w.org\/{rel}","templated":true}]}}