{"id":5040,"date":"2025-08-15T17:28:51","date_gmt":"2025-08-15T14:28:51","guid":{"rendered":"https:\/\/ozince.com\/magaza\/urun\/delphi-bg3620t-peugeot-206-207-208-on-fren-diski-takimi\/"},"modified":"2025-08-15T17:28:59","modified_gmt":"2025-08-15T14:28:59","slug":"delphi-bg3620t-peugeot-206-207-208-on-fren-diski-takimi","status":"publish","type":"product","link":"https:\/\/ozince.com\/magaza\/fren-sistemi-urunleri\/delphi-bg3620t-peugeot-206-207-208-on-fren-diski-takimi\/","title":{"rendered":"DELPH\u0130 BG3620T PEUGEOT 206 &#8211; 207 &#8211; 208 \u00d6N FREN D\u0130SK\u0130 TAKIMI"},"content":{"rendered":"<p>\u00dcR\u00dcN PEUGEOT PARTNER 2008 &#8211; 2014 MODEL  \/ 301 2013 MODEL VE \u00dcZER\u0130 \/ 208 2012 &#8211; 2020 MODEL \/ 206 2012 &#8211; 2020 MODELLER\u0130NE UYGUNDUR.  <\/p>\n<p>TEKN\u0130K B\u0130LG\u0130 <\/p>\n<p>FREN D\u0130SK\u0130 T\u00dcR\u00dc: HAVALANDIRMALI<br \/>\nDI\u015e \u00c7AP (MM): 266<br \/>\nY\u00dcKSEKL\u0130K: 34<br \/>\nJANT DEL\u0130K SAYISI: 4<\/p>\n<p>SA\u011e &#8211; SOL TAKIM OLARAK SEVK ED\u0130LMEKTED\u0130R.<\/p>\n<p>S\u0130PAR\u0130\u015e VERMEDEN \u00d6NCE \u015eASE NUMARANIZ \u0130LE TEY\u0130T ETT\u0130R\u0130N\u0130Z.<\/p>\n","protected":false},"excerpt":{"rendered":"<p>\u00dcR\u00dcN PEUGEOT PARTNER 2008 &#8211; 2014 MODEL \/ 301 2013 MODEL VE \u00dcZER\u0130 \/ 208 2012 &#8211; 2020 MODEL \/ 206 2012 &#8211; 2020 MODELLER\u0130NE UYGUNDUR. TEKN\u0130K B\u0130LG\u0130 FREN D\u0130SK\u0130 T\u00dcR\u00dc: HAVALANDIRMALI DI\u015e \u00c7AP (MM): 266 Y\u00dcKSEKL\u0130K: 34 JANT DEL\u0130K SAYISI: 4 SA\u011e &#8211; SOL TAKIM OLARAK SEVK ED\u0130LMEKTED\u0130R. S\u0130PAR\u0130\u015e VERMEDEN \u00d6NCE \u015eASE NUMARANIZ \u0130LE<\/p>\n<div class=\"klb-readmore button\"><a class=\"btn link\" href=\"https:\/\/ozince.com\/magaza\/fren-sistemi-urunleri\/delphi-bg3620t-peugeot-206-207-208-on-fren-diski-takimi\/\">Read More <i class=\"klbth-icon-right-arrow\"><\/i><\/a><\/div>\n","protected":false},"featured_media":5041,"template":"","meta":[],"product_brand":[236],"product_cat":[257],"product_tag":[],"class_list":{"0":"post-5040","1":"product","2":"type-product","3":"status-publish","4":"has-post-thumbnail","6":"arac_markasi_modeli-277","7":"arac_markasi_modeli-278","8":"arac_markasi_modeli-282","9":"arac_markasi_modeli-peugeot","10":"product_brand-delphi","11":"product_cat-fren-sistemi-urunleri","13":"first","14":"instock","15":"taxable","16":"shipping-taxable","17":"purchasable","18":"product-type-simple"},"jetpack_sharing_enabled":true,"_links":{"self":[{"href":"https:\/\/ozince.com\/magaza\/wp-json\/wp\/v2\/product\/5040","targetHints":{"allow":["GET"]}}],"collection":[{"href":"https:\/\/ozince.com\/magaza\/wp-json\/wp\/v2\/product"}],"about":[{"href":"https:\/\/ozince.com\/magaza\/wp-json\/wp\/v2\/types\/product"}],"wp:featuredmedia":[{"embeddable":true,"href":"https:\/\/ozince.com\/magaza\/wp-json\/wp\/v2\/media\/5041"}],"wp:attachment":[{"href":"https:\/\/ozince.com\/magaza\/wp-json\/wp\/v2\/media?parent=5040"}],"wp:term":[{"taxonomy":"product_brand","embeddable":true,"href":"https:\/\/ozince.com\/magaza\/wp-json\/wp\/v2\/product_brand?post=5040"},{"taxonomy":"product_cat","embeddable":true,"href":"https:\/\/ozince.com\/magaza\/wp-json\/wp\/v2\/product_cat?post=5040"},{"taxonomy":"product_tag","embeddable":true,"href":"https:\/\/ozince.com\/magaza\/wp-json\/wp\/v2\/product_tag?post=5040"}],"curies":[{"name":"wp","href":"https:\/\/api.w.org\/{rel}","templated":true}]}}