{"id":5010,"date":"2025-08-15T17:28:51","date_gmt":"2025-08-15T14:28:51","guid":{"rendered":"https:\/\/ozince.com\/magaza\/urun\/bosch-0986479w69-peugeot-206-207-3008-5008-on-fren-diski-takimi\/"},"modified":"2025-08-15T17:28:53","modified_gmt":"2025-08-15T14:28:53","slug":"bosch-0986479w69-peugeot-206-207-3008-5008-on-fren-diski-takimi","status":"publish","type":"product","link":"https:\/\/ozince.com\/magaza\/fren-sistemi-urunleri\/bosch-0986479w69-peugeot-206-207-3008-5008-on-fren-diski-takimi\/","title":{"rendered":"BOSCH 0986479W69 PEUGEOT 206 &#8211; 207 &#8211; 3008 &#8211; 5008 \u00d6N FREN D\u0130SK\u0130 TAKIMI"},"content":{"rendered":"<p>\u00dcR\u00dcN PEUGEOT 206 \/ 207 \/ 208 \/ 307 \/ 3008 \/ 5008 MODELLER\u0130NE UYGUNDUR. <\/p>\n<p>TEKN\u0130K B\u0130LG\u0130 <\/p>\n<p>FREN D\u0130SK\u0130 T\u00dcR\u00dc: HAVALANDIRMALI<br \/>\nDI\u015e \u00c7AP (MM): 283<br \/>\nY\u00dcKSEKL\u0130K: 34,2<br \/>\nJANT DEL\u0130K SAYISI: 4<\/p>\n<p>SA\u011e-SOL TAKIM OLARAK SEVK ED\u0130LMEKTED\u0130R. <\/p>\n<p>S\u0130PAR\u0130\u015e VERMEDEN \u00d6NCE \u015eASE NUMARANIZ \u0130LE TEY\u0130T ETT\u0130R\u0130N\u0130Z.<\/p>\n","protected":false},"excerpt":{"rendered":"<p>\u00dcR\u00dcN PEUGEOT 206 \/ 207 \/ 208 \/ 307 \/ 3008 \/ 5008 MODELLER\u0130NE UYGUNDUR. TEKN\u0130K B\u0130LG\u0130 FREN D\u0130SK\u0130 T\u00dcR\u00dc: HAVALANDIRMALI DI\u015e \u00c7AP (MM): 283 Y\u00dcKSEKL\u0130K: 34,2 JANT DEL\u0130K SAYISI: 4 SA\u011e-SOL TAKIM OLARAK SEVK ED\u0130LMEKTED\u0130R. S\u0130PAR\u0130\u015e VERMEDEN \u00d6NCE \u015eASE NUMARANIZ \u0130LE TEY\u0130T ETT\u0130R\u0130N\u0130Z.<\/p>\n","protected":false},"featured_media":5011,"template":"","meta":[],"product_brand":[190],"product_cat":[257],"product_tag":[],"class_list":{"0":"post-5010","1":"product","2":"type-product","3":"status-publish","4":"has-post-thumbnail","6":"arac_markasi_modeli-277","7":"arac_markasi_modeli-278","8":"arac_markasi_modeli-249","9":"arac_markasi_modeli-279","10":"arac_markasi_modeli-peugeot","11":"product_brand-bosch","12":"product_cat-fren-sistemi-urunleri","14":"first","15":"instock","16":"taxable","17":"shipping-taxable","18":"purchasable","19":"product-type-simple"},"jetpack_sharing_enabled":true,"_links":{"self":[{"href":"https:\/\/ozince.com\/magaza\/wp-json\/wp\/v2\/product\/5010","targetHints":{"allow":["GET"]}}],"collection":[{"href":"https:\/\/ozince.com\/magaza\/wp-json\/wp\/v2\/product"}],"about":[{"href":"https:\/\/ozince.com\/magaza\/wp-json\/wp\/v2\/types\/product"}],"wp:featuredmedia":[{"embeddable":true,"href":"https:\/\/ozince.com\/magaza\/wp-json\/wp\/v2\/media\/5011"}],"wp:attachment":[{"href":"https:\/\/ozince.com\/magaza\/wp-json\/wp\/v2\/media?parent=5010"}],"wp:term":[{"taxonomy":"product_brand","embeddable":true,"href":"https:\/\/ozince.com\/magaza\/wp-json\/wp\/v2\/product_brand?post=5010"},{"taxonomy":"product_cat","embeddable":true,"href":"https:\/\/ozince.com\/magaza\/wp-json\/wp\/v2\/product_cat?post=5010"},{"taxonomy":"product_tag","embeddable":true,"href":"https:\/\/ozince.com\/magaza\/wp-json\/wp\/v2\/product_tag?post=5010"}],"curies":[{"name":"wp","href":"https:\/\/api.w.org\/{rel}","templated":true}]}}