{"id":4995,"date":"2025-08-15T17:28:40","date_gmt":"2025-08-15T14:28:40","guid":{"rendered":"https:\/\/ozince.com\/magaza\/urun\/bosch-0986479f03-opel-insignia-b-on-fren-diski-takimi\/"},"modified":"2025-09-17T17:11:14","modified_gmt":"2025-09-17T14:11:14","slug":"bosch-0986479f03-opel-insignia-b-on-fren-diski-takimi","status":"publish","type":"product","link":"https:\/\/ozince.com\/magaza\/fren-sistemi-urunleri\/bosch-0986479f03-opel-insignia-b-on-fren-diski-takimi\/","title":{"rendered":"BOSCH 0986479F03 OPEL \u0130NS\u0130GN\u0130A B \u00d6N FREN D\u0130SK\u0130 TAKIMI"},"content":{"rendered":"<p>\u00dcR\u00dcN OPEL \u0130NS\u0130GN\u0130A B 2017-2018 MODELLER\u0130NE UYGUNDUR.<\/p>\n<p>TEKN\u0130K B\u0130LG\u0130<\/p>\n<p>FREN D\u0130SK\u0130 T\u00dcR\u00dc: HAVALANDIRMALI<br \/>\nDI\u015e \u00c7AP (MM): 321<br \/>\nY\u00dcKSEKL\u0130K: 45,5<br \/>\nJANT DEL\u0130K SAYISI: 5<\/p>\n<p>SA\u011e-SOL TAKIM OLARAK SEVK ED\u0130LMEKTED\u0130R.<\/p>\n<p>S\u0130PAR\u0130\u015e VERMEDEN \u00d6NCE \u015eASE NUMARANIZ \u0130LE TEY\u0130T ETT\u0130R\u0130N\u0130Z.<\/p>\n","protected":false},"excerpt":{"rendered":"<p>\u00dcR\u00dcN OPEL \u0130NS\u0130GN\u0130A B 2017-2018 MODELLER\u0130NE UYGUNDUR. TEKN\u0130K B\u0130LG\u0130 FREN D\u0130SK\u0130 T\u00dcR\u00dc: HAVALANDIRMALI DI\u015e \u00c7AP (MM): 321 Y\u00dcKSEKL\u0130K: 45,5 JANT DEL\u0130K SAYISI: 5 SA\u011e-SOL TAKIM OLARAK SEVK ED\u0130LMEKTED\u0130R. S\u0130PAR\u0130\u015e VERMEDEN \u00d6NCE \u015eASE NUMARANIZ \u0130LE TEY\u0130T ETT\u0130R\u0130N\u0130Z.<\/p>\n","protected":false},"featured_media":4996,"template":"","meta":[],"product_brand":[190],"product_cat":[257],"product_tag":[],"class_list":{"0":"post-4995","1":"product","2":"type-product","3":"status-publish","4":"has-post-thumbnail","6":"arac_markasi_modeli-insignia-b","7":"arac_markasi_modeli-opel","8":"product_brand-bosch","9":"product_cat-fren-sistemi-urunleri","11":"first","12":"instock","13":"taxable","14":"shipping-taxable","15":"purchasable","16":"product-type-simple"},"jetpack_sharing_enabled":true,"_links":{"self":[{"href":"https:\/\/ozince.com\/magaza\/wp-json\/wp\/v2\/product\/4995","targetHints":{"allow":["GET"]}}],"collection":[{"href":"https:\/\/ozince.com\/magaza\/wp-json\/wp\/v2\/product"}],"about":[{"href":"https:\/\/ozince.com\/magaza\/wp-json\/wp\/v2\/types\/product"}],"wp:featuredmedia":[{"embeddable":true,"href":"https:\/\/ozince.com\/magaza\/wp-json\/wp\/v2\/media\/4996"}],"wp:attachment":[{"href":"https:\/\/ozince.com\/magaza\/wp-json\/wp\/v2\/media?parent=4995"}],"wp:term":[{"taxonomy":"product_brand","embeddable":true,"href":"https:\/\/ozince.com\/magaza\/wp-json\/wp\/v2\/product_brand?post=4995"},{"taxonomy":"product_cat","embeddable":true,"href":"https:\/\/ozince.com\/magaza\/wp-json\/wp\/v2\/product_cat?post=4995"},{"taxonomy":"product_tag","embeddable":true,"href":"https:\/\/ozince.com\/magaza\/wp-json\/wp\/v2\/product_tag?post=4995"}],"curies":[{"name":"wp","href":"https:\/\/api.w.org\/{rel}","templated":true}]}}