{"id":4989,"date":"2025-08-15T17:28:40","date_gmt":"2025-08-15T14:28:40","guid":{"rendered":"https:\/\/ozince.com\/magaza\/urun\/bosch-0986479644-opel-astra-j-insignia-b-1-6-dizel-on-fren-diski-takimi\/"},"modified":"2025-08-15T17:28:47","modified_gmt":"2025-08-15T14:28:47","slug":"bosch-0986479644-opel-astra-j-insignia-b-1-6-dizel-on-fren-diski-takimi","status":"publish","type":"product","link":"https:\/\/ozince.com\/magaza\/fren-sistemi-urunleri\/bosch-0986479644-opel-astra-j-insignia-b-1-6-dizel-on-fren-diski-takimi\/","title":{"rendered":"BOSCH 0986479644 OPEL ASTRA J &#8211; \u0130NS\u0130GN\u0130A B 1.6 D\u0130ZEL \u00d6N FREN D\u0130SK\u0130 TAKIMI"},"content":{"rendered":"<p>\u00dcR\u00dcN OPEL ASTRA J 1.6 D\u0130ZEL \/ \u0130NS\u0130GN\u0130A B 1.6D CHEVROLET CRUZE 2.0 D\u0130ZEL MARKA VE MODELLER\u0130NE UYGUNDUR. <\/p>\n<p>TEKN\u0130K B\u0130LG\u0130 <\/p>\n<p>FREN D\u0130SK\u0130 T\u00dcR\u00dc: HAVALANDIRMALI<br \/>\nDI\u015e \u00c7AP (MM): 300<br \/>\nY\u00dcKSEKL\u0130K: 46<br \/>\nJANT DEL\u0130K SAYISI: 5<\/p>\n<p>SA\u011e &#8211; SOL TAKIM OLARAK SEVK ED\u0130LMEKTED\u0130R.<\/p>\n<p>S\u0130PAR\u0130\u015e VERMEDEN \u00d6NCE \u015eASE NUMARANIZ \u0130LE TEY\u0130T ETT\u0130R\u0130N\u0130Z.<\/p>\n","protected":false},"excerpt":{"rendered":"<p>\u00dcR\u00dcN OPEL ASTRA J 1.6 D\u0130ZEL \/ \u0130NS\u0130GN\u0130A B 1.6D CHEVROLET CRUZE 2.0 D\u0130ZEL MARKA VE MODELLER\u0130NE UYGUNDUR. TEKN\u0130K B\u0130LG\u0130 FREN D\u0130SK\u0130 T\u00dcR\u00dc: HAVALANDIRMALI DI\u015e \u00c7AP (MM): 300 Y\u00dcKSEKL\u0130K: 46 JANT DEL\u0130K SAYISI: 5 SA\u011e &#8211; SOL TAKIM OLARAK SEVK ED\u0130LMEKTED\u0130R. S\u0130PAR\u0130\u015e VERMEDEN \u00d6NCE \u015eASE NUMARANIZ \u0130LE TEY\u0130T ETT\u0130R\u0130N\u0130Z.<\/p>\n","protected":false},"featured_media":4990,"template":"","meta":[],"product_brand":[190],"product_cat":[257],"product_tag":[],"class_list":{"0":"post-4989","1":"product","2":"type-product","3":"status-publish","4":"has-post-thumbnail","6":"arac_markasi_modeli-astra-j","7":"arac_markasi_modeli-insignia-b","8":"arac_markasi_modeli-opel","9":"product_brand-bosch","10":"product_cat-fren-sistemi-urunleri","12":"first","13":"instock","14":"taxable","15":"shipping-taxable","16":"purchasable","17":"product-type-simple"},"jetpack_sharing_enabled":true,"_links":{"self":[{"href":"https:\/\/ozince.com\/magaza\/wp-json\/wp\/v2\/product\/4989","targetHints":{"allow":["GET"]}}],"collection":[{"href":"https:\/\/ozince.com\/magaza\/wp-json\/wp\/v2\/product"}],"about":[{"href":"https:\/\/ozince.com\/magaza\/wp-json\/wp\/v2\/types\/product"}],"wp:featuredmedia":[{"embeddable":true,"href":"https:\/\/ozince.com\/magaza\/wp-json\/wp\/v2\/media\/4990"}],"wp:attachment":[{"href":"https:\/\/ozince.com\/magaza\/wp-json\/wp\/v2\/media?parent=4989"}],"wp:term":[{"taxonomy":"product_brand","embeddable":true,"href":"https:\/\/ozince.com\/magaza\/wp-json\/wp\/v2\/product_brand?post=4989"},{"taxonomy":"product_cat","embeddable":true,"href":"https:\/\/ozince.com\/magaza\/wp-json\/wp\/v2\/product_cat?post=4989"},{"taxonomy":"product_tag","embeddable":true,"href":"https:\/\/ozince.com\/magaza\/wp-json\/wp\/v2\/product_tag?post=4989"}],"curies":[{"name":"wp","href":"https:\/\/api.w.org\/{rel}","templated":true}]}}