{"id":4954,"date":"2025-08-15T17:28:40","date_gmt":"2025-08-15T14:28:40","guid":{"rendered":"https:\/\/ozince.com\/magaza\/urun\/ayd-10-50167-opel-astra-h-combo-c-5-bijon-on-fren-diski-takimi\/"},"modified":"2025-08-15T17:28:41","modified_gmt":"2025-08-15T14:28:41","slug":"ayd-10-50167-opel-astra-h-combo-c-5-bijon-on-fren-diski-takimi","status":"publish","type":"product","link":"https:\/\/ozince.com\/magaza\/fren-sistemi-urunleri\/ayd-10-50167-opel-astra-h-combo-c-5-bijon-on-fren-diski-takimi\/","title":{"rendered":"AYD 10-50167 OPEL ASTRA H &#8211; COMBO C 5 B\u0130JON \u00d6N FREN D\u0130SK\u0130 TAKIMI"},"content":{"rendered":"<p>\u00dcR\u00dcN OPEL ASTRA H \/ COMBO C \/ MER\u0130VA A \/ ZAF\u0130RA B MODELLER\u0130NE UYGUNDUR. <\/p>\n<p>TEKN\u0130K B\u0130LG\u0130<\/p>\n<p>FREN D\u0130SK\u0130 T\u00dcR\u00dc: HAVALANDIRMALI<br \/>\nDI\u015e \u00c7AP (MM): 280<br \/>\nY\u00dcKSEKL\u0130K: 42,1<br \/>\nJANT DEL\u0130K SAYISI: 5<\/p>\n<p>SA\u011e &#8211; SOL TAKIM OLARAK SEVK ED\u0130LMEKTED\u0130R.<\/p>\n<p>S\u0130PAR\u0130\u015e VERMEDEN \u00d6NCE \u015eASE NUMARANIZ \u0130LE TEY\u0130T ETT\u0130R\u0130N\u0130Z.<\/p>\n","protected":false},"excerpt":{"rendered":"<p>\u00dcR\u00dcN OPEL ASTRA H \/ COMBO C \/ MER\u0130VA A \/ ZAF\u0130RA B MODELLER\u0130NE UYGUNDUR. TEKN\u0130K B\u0130LG\u0130 FREN D\u0130SK\u0130 T\u00dcR\u00dc: HAVALANDIRMALI DI\u015e \u00c7AP (MM): 280 Y\u00dcKSEKL\u0130K: 42,1 JANT DEL\u0130K SAYISI: 5 SA\u011e &#8211; SOL TAKIM OLARAK SEVK ED\u0130LMEKTED\u0130R. S\u0130PAR\u0130\u015e VERMEDEN \u00d6NCE \u015eASE NUMARANIZ \u0130LE TEY\u0130T ETT\u0130R\u0130N\u0130Z.<\/p>\n","protected":false},"featured_media":4955,"template":"","meta":[],"product_brand":[235],"product_cat":[257],"product_tag":[],"class_list":{"0":"post-4954","1":"product","2":"type-product","3":"status-publish","4":"has-post-thumbnail","6":"arac_markasi_modeli-astra-h","7":"arac_markasi_modeli-combo-c","8":"arac_markasi_modeli-opel","9":"product_brand-ayd","10":"product_cat-fren-sistemi-urunleri","12":"first","13":"instock","14":"taxable","15":"shipping-taxable","16":"purchasable","17":"product-type-simple"},"jetpack_sharing_enabled":true,"_links":{"self":[{"href":"https:\/\/ozince.com\/magaza\/wp-json\/wp\/v2\/product\/4954","targetHints":{"allow":["GET"]}}],"collection":[{"href":"https:\/\/ozince.com\/magaza\/wp-json\/wp\/v2\/product"}],"about":[{"href":"https:\/\/ozince.com\/magaza\/wp-json\/wp\/v2\/types\/product"}],"wp:featuredmedia":[{"embeddable":true,"href":"https:\/\/ozince.com\/magaza\/wp-json\/wp\/v2\/media\/4955"}],"wp:attachment":[{"href":"https:\/\/ozince.com\/magaza\/wp-json\/wp\/v2\/media?parent=4954"}],"wp:term":[{"taxonomy":"product_brand","embeddable":true,"href":"https:\/\/ozince.com\/magaza\/wp-json\/wp\/v2\/product_brand?post=4954"},{"taxonomy":"product_cat","embeddable":true,"href":"https:\/\/ozince.com\/magaza\/wp-json\/wp\/v2\/product_cat?post=4954"},{"taxonomy":"product_tag","embeddable":true,"href":"https:\/\/ozince.com\/magaza\/wp-json\/wp\/v2\/product_tag?post=4954"}],"curies":[{"name":"wp","href":"https:\/\/api.w.org\/{rel}","templated":true}]}}