{"id":16433,"date":"2026-04-13T08:18:23","date_gmt":"2026-04-13T05:18:23","guid":{"rendered":"https:\/\/ozince.com\/magaza\/kategorilenmemis\/mhr-14612-radyator-su-insignia-a-a20dtr-a20dth-a20dtj-saab-9-5-a-t-26mm-brazing-musurlu-tip\/"},"modified":"2026-04-13T08:18:23","modified_gmt":"2026-04-13T05:18:23","slug":"mhr-14612-radyator-su-insignia-a-a20dtr-a20dth-a20dtj-saab-9-5-a-t-26mm-brazing-musurlu-tip","status":"publish","type":"product","link":"https:\/\/ozince.com\/magaza\/motor-sogutma-ve-radyator-urunleri\/mhr-14612-radyator-su-insignia-a-a20dtr-a20dth-a20dtj-saab-9-5-a-t-26mm-brazing-musurlu-tip\/","title":{"rendered":"MHR-14612 RADYAT\u00d6R SU INSIGNIA A A20DTR-A20DTH-A20DTJ \/ SAAB 9.5 A-T 26MM BRAZING M\u00dcS\u00dcRL\u00dc TIP"},"content":{"rendered":"","protected":false},"excerpt":{"rendered":"","protected":false},"featured_media":0,"template":"","meta":[],"product_brand":[288],"product_cat":[324],"product_tag":[378],"class_list":{"0":"post-16433","1":"product","2":"type-product","3":"status-publish","5":"arac_markasi_modeli-insignia-a","6":"arac_markasi_modeli-opel","7":"product_brand-maher","8":"product_cat-motor-sogutma-ve-radyator-urunleri","9":"product_tag-altay","11":"first","12":"instock","13":"taxable","14":"shipping-taxable","15":"purchasable","16":"product-type-simple"},"jetpack_sharing_enabled":true,"_links":{"self":[{"href":"https:\/\/ozince.com\/magaza\/wp-json\/wp\/v2\/product\/16433","targetHints":{"allow":["GET"]}}],"collection":[{"href":"https:\/\/ozince.com\/magaza\/wp-json\/wp\/v2\/product"}],"about":[{"href":"https:\/\/ozince.com\/magaza\/wp-json\/wp\/v2\/types\/product"}],"wp:attachment":[{"href":"https:\/\/ozince.com\/magaza\/wp-json\/wp\/v2\/media?parent=16433"}],"wp:term":[{"taxonomy":"product_brand","embeddable":true,"href":"https:\/\/ozince.com\/magaza\/wp-json\/wp\/v2\/product_brand?post=16433"},{"taxonomy":"product_cat","embeddable":true,"href":"https:\/\/ozince.com\/magaza\/wp-json\/wp\/v2\/product_cat?post=16433"},{"taxonomy":"product_tag","embeddable":true,"href":"https:\/\/ozince.com\/magaza\/wp-json\/wp\/v2\/product_tag?post=16433"}],"curies":[{"name":"wp","href":"https:\/\/api.w.org\/{rel}","templated":true}]}}