{"id":16382,"date":"2026-05-06T08:05:20","date_gmt":"2026-05-06T05:05:20","guid":{"rendered":"https:\/\/ozince.com\/magaza\/kategorilenmemis\/mhr-30001-silecek-supurgesi-arka-astra-k-18-insignia-b-17-sw-h25\/"},"modified":"2026-05-06T08:05:21","modified_gmt":"2026-05-06T05:05:21","slug":"mhr-30001-silecek-supurgesi-arka-astra-k-18-insignia-b-17-sw-h25","status":"publish","type":"product","link":"https:\/\/ozince.com\/magaza\/aksesuar-urunleri\/mhr-30001-silecek-supurgesi-arka-astra-k-18-insignia-b-17-sw-h25\/","title":{"rendered":"MHR-30001 S\u0130LECEK S\u00dcP\u00dcRGES\u0130 ARKA ASTRA K 18= \/ INSIGNIA B 17= SW H25"},"content":{"rendered":"","protected":false},"excerpt":{"rendered":"","protected":false},"featured_media":0,"template":"","meta":[],"product_brand":[288],"product_cat":[401],"product_tag":[378],"class_list":{"0":"post-16382","1":"product","2":"type-product","3":"status-publish","5":"arac_markasi_modeli-astra-k","6":"arac_markasi_modeli-insignia-b","7":"arac_markasi_modeli-opel","8":"product_brand-maher","9":"product_cat-aksesuar-urunleri","10":"product_tag-altay","12":"first","13":"instock","14":"taxable","15":"shipping-taxable","16":"purchasable","17":"product-type-simple"},"jetpack_sharing_enabled":true,"_links":{"self":[{"href":"https:\/\/ozince.com\/magaza\/wp-json\/wp\/v2\/product\/16382","targetHints":{"allow":["GET"]}}],"collection":[{"href":"https:\/\/ozince.com\/magaza\/wp-json\/wp\/v2\/product"}],"about":[{"href":"https:\/\/ozince.com\/magaza\/wp-json\/wp\/v2\/types\/product"}],"wp:attachment":[{"href":"https:\/\/ozince.com\/magaza\/wp-json\/wp\/v2\/media?parent=16382"}],"wp:term":[{"taxonomy":"product_brand","embeddable":true,"href":"https:\/\/ozince.com\/magaza\/wp-json\/wp\/v2\/product_brand?post=16382"},{"taxonomy":"product_cat","embeddable":true,"href":"https:\/\/ozince.com\/magaza\/wp-json\/wp\/v2\/product_cat?post=16382"},{"taxonomy":"product_tag","embeddable":true,"href":"https:\/\/ozince.com\/magaza\/wp-json\/wp\/v2\/product_tag?post=16382"}],"curies":[{"name":"wp","href":"https:\/\/api.w.org\/{rel}","templated":true}]}}