{"id":16354,"date":"2026-04-28T08:07:17","date_gmt":"2026-04-28T05:07:17","guid":{"rendered":"https:\/\/ozince.com\/magaza\/kategorilenmemis\/mhr-26525-dugme-cam-acma-astra-g-zafira-a-meriva-98-07-ciftli-sol\/"},"modified":"2026-04-28T08:07:18","modified_gmt":"2026-04-28T05:07:18","slug":"mhr-26525-dugme-cam-acma-astra-g-zafira-a-meriva-98-07-ciftli-sol","status":"publish","type":"product","link":"https:\/\/ozince.com\/magaza\/sensor-ve-elektrik-urunleri\/mhr-26525-dugme-cam-acma-astra-g-zafira-a-meriva-98-07-ciftli-sol\/","title":{"rendered":"MHR-26525 D\u00dc\u011eME CAM A\u00c7MA ASTRA G \/ ZAF\u0130RA A \/ MER\u0130VA 98-07 (\u00c7\u0130FTL\u0130) SOL"},"content":{"rendered":"","protected":false},"excerpt":{"rendered":"","protected":false},"featured_media":0,"template":"","meta":[],"product_brand":[288],"product_cat":[374],"product_tag":[378],"class_list":{"0":"post-16354","1":"product","2":"type-product","3":"status-publish","5":"arac_markasi_modeli-astra-g","6":"arac_markasi_modeli-meriva","7":"arac_markasi_modeli-opel","8":"arac_markasi_modeli-zafira-a","9":"product_brand-maher","10":"product_cat-sensor-ve-elektrik-urunleri","11":"product_tag-altay","13":"first","14":"outofstock","15":"taxable","16":"shipping-taxable","17":"purchasable","18":"product-type-simple"},"jetpack_sharing_enabled":true,"_links":{"self":[{"href":"https:\/\/ozince.com\/magaza\/wp-json\/wp\/v2\/product\/16354","targetHints":{"allow":["GET"]}}],"collection":[{"href":"https:\/\/ozince.com\/magaza\/wp-json\/wp\/v2\/product"}],"about":[{"href":"https:\/\/ozince.com\/magaza\/wp-json\/wp\/v2\/types\/product"}],"wp:attachment":[{"href":"https:\/\/ozince.com\/magaza\/wp-json\/wp\/v2\/media?parent=16354"}],"wp:term":[{"taxonomy":"product_brand","embeddable":true,"href":"https:\/\/ozince.com\/magaza\/wp-json\/wp\/v2\/product_brand?post=16354"},{"taxonomy":"product_cat","embeddable":true,"href":"https:\/\/ozince.com\/magaza\/wp-json\/wp\/v2\/product_cat?post=16354"},{"taxonomy":"product_tag","embeddable":true,"href":"https:\/\/ozince.com\/magaza\/wp-json\/wp\/v2\/product_tag?post=16354"}],"curies":[{"name":"wp","href":"https:\/\/api.w.org\/{rel}","templated":true}]}}