{"id":16349,"date":"2026-05-05T08:15:23","date_gmt":"2026-05-05T05:15:23","guid":{"rendered":"https:\/\/ozince.com\/magaza\/kategorilenmemis\/tmx-t01-150-devirdaim-linea-07-doblo-01-10-egea-15-albea-03-10-astra-h-combo-c-corsa-c-d-meriva-1-3-jtd-223a9000-199a2000-199a3000-celik-kasnak-orjinal-tip\/"},"modified":"2026-05-05T08:15:25","modified_gmt":"2026-05-05T05:15:25","slug":"tmx-t01-150-devirdaim-linea-07-doblo-01-10-egea-15-albea-03-10-astra-h-combo-c-corsa-c-d-meriva-1-3-jtd-223a9000-199a2000-199a3000-celik-kasnak-orjinal-tip","status":"publish","type":"product","link":"https:\/\/ozince.com\/magaza\/motor-sogutma-ve-radyator-urunleri\/tmx-t01-150-devirdaim-linea-07-doblo-01-10-egea-15-albea-03-10-astra-h-combo-c-corsa-c-d-meriva-1-3-jtd-223a9000-199a2000-199a3000-celik-kasnak-orjinal-tip\/","title":{"rendered":"TMX-T01.150 DEV\u0130RDA\u0130M LINEA 07= \/ DOBLO 01-10 \/ EGEA 15= \/ ALBEA 03-10 \/ ASTRA H \/ COMBO C \/ CORSA C-D \/ MERIVA 1.3 JTD (223A9000-199A2000-199A3000) \u00c7EL\u0130K KASNAK ORJ\u0130NAL T\u0130P"},"content":{"rendered":"","protected":false},"excerpt":{"rendered":"","protected":false},"featured_media":0,"template":"","meta":[],"product_brand":[464],"product_cat":[324],"product_tag":[378],"class_list":{"0":"post-16349","1":"product","2":"type-product","3":"status-publish","5":"arac_markasi_modeli-astra-h","6":"arac_markasi_modeli-combo-c","7":"arac_markasi_modeli-corsa-c","8":"arac_markasi_modeli-meriva","9":"arac_markasi_modeli-opel","10":"product_brand-thermax","11":"product_cat-motor-sogutma-ve-radyator-urunleri","12":"product_tag-altay","14":"first","15":"outofstock","16":"taxable","17":"shipping-taxable","18":"purchasable","19":"product-type-simple"},"jetpack_sharing_enabled":true,"_links":{"self":[{"href":"https:\/\/ozince.com\/magaza\/wp-json\/wp\/v2\/product\/16349","targetHints":{"allow":["GET"]}}],"collection":[{"href":"https:\/\/ozince.com\/magaza\/wp-json\/wp\/v2\/product"}],"about":[{"href":"https:\/\/ozince.com\/magaza\/wp-json\/wp\/v2\/types\/product"}],"wp:attachment":[{"href":"https:\/\/ozince.com\/magaza\/wp-json\/wp\/v2\/media?parent=16349"}],"wp:term":[{"taxonomy":"product_brand","embeddable":true,"href":"https:\/\/ozince.com\/magaza\/wp-json\/wp\/v2\/product_brand?post=16349"},{"taxonomy":"product_cat","embeddable":true,"href":"https:\/\/ozince.com\/magaza\/wp-json\/wp\/v2\/product_cat?post=16349"},{"taxonomy":"product_tag","embeddable":true,"href":"https:\/\/ozince.com\/magaza\/wp-json\/wp\/v2\/product_tag?post=16349"}],"curies":[{"name":"wp","href":"https:\/\/api.w.org\/{rel}","templated":true}]}}