{"id":16254,"date":"2026-04-28T08:09:25","date_gmt":"2026-04-28T05:09:25","guid":{"rendered":"https:\/\/ozince.com\/magaza\/kategorilenmemis\/del-td540w-viraj-lastigi-astra-g-98-07-on-20mm\/"},"modified":"2026-04-28T08:09:26","modified_gmt":"2026-04-28T05:09:26","slug":"del-td540w-viraj-lastigi-astra-g-98-07-on-20mm","status":"publish","type":"product","link":"https:\/\/ozince.com\/magaza\/alt-takim-urunleri\/del-td540w-viraj-lastigi-astra-g-98-07-on-20mm\/","title":{"rendered":"DEL-TD540W V\u0130RAJ LAST\u0130\u011e\u0130 ASTRA G  98-07 \u00d6N 20mm"},"content":{"rendered":"","protected":false},"excerpt":{"rendered":"","protected":false},"featured_media":0,"template":"","meta":[],"product_brand":[236],"product_cat":[382],"product_tag":[378],"class_list":{"0":"post-16254","1":"product","2":"type-product","3":"status-publish","5":"arac_markasi_modeli-astra-g","6":"arac_markasi_modeli-opel","7":"product_brand-delphi","8":"product_cat-alt-takim-urunleri","9":"product_tag-altay","11":"first","12":"outofstock","13":"taxable","14":"shipping-taxable","15":"purchasable","16":"product-type-simple"},"jetpack_sharing_enabled":true,"_links":{"self":[{"href":"https:\/\/ozince.com\/magaza\/wp-json\/wp\/v2\/product\/16254","targetHints":{"allow":["GET"]}}],"collection":[{"href":"https:\/\/ozince.com\/magaza\/wp-json\/wp\/v2\/product"}],"about":[{"href":"https:\/\/ozince.com\/magaza\/wp-json\/wp\/v2\/types\/product"}],"wp:attachment":[{"href":"https:\/\/ozince.com\/magaza\/wp-json\/wp\/v2\/media?parent=16254"}],"wp:term":[{"taxonomy":"product_brand","embeddable":true,"href":"https:\/\/ozince.com\/magaza\/wp-json\/wp\/v2\/product_brand?post=16254"},{"taxonomy":"product_cat","embeddable":true,"href":"https:\/\/ozince.com\/magaza\/wp-json\/wp\/v2\/product_cat?post=16254"},{"taxonomy":"product_tag","embeddable":true,"href":"https:\/\/ozince.com\/magaza\/wp-json\/wp\/v2\/product_tag?post=16254"}],"curies":[{"name":"wp","href":"https:\/\/api.w.org\/{rel}","templated":true}]}}