{"id":16253,"date":"2026-04-28T08:09:25","date_gmt":"2026-04-28T05:09:25","guid":{"rendered":"https:\/\/ozince.com\/magaza\/kategorilenmemis\/del-td491w-viraj-lastigi-astra-h-04-09-astra-g-98-07-astra-f-91-02-on-16mm\/"},"modified":"2026-04-28T08:09:25","modified_gmt":"2026-04-28T05:09:25","slug":"del-td491w-viraj-lastigi-astra-h-04-09-astra-g-98-07-astra-f-91-02-on-16mm","status":"publish","type":"product","link":"https:\/\/ozince.com\/magaza\/alt-takim-urunleri\/del-td491w-viraj-lastigi-astra-h-04-09-astra-g-98-07-astra-f-91-02-on-16mm\/","title":{"rendered":"DEL-TD491W V\u0130RAJ LAST\u0130\u011e\u0130 ASTRA H 04-09 \/ ASTRA G 98-07 \/ ASTRA F 91-02 \u00d6N 16mm"},"content":{"rendered":"","protected":false},"excerpt":{"rendered":"","protected":false},"featured_media":0,"template":"","meta":[],"product_brand":[236],"product_cat":[382],"product_tag":[378],"class_list":{"0":"post-16253","1":"product","2":"type-product","3":"status-publish","5":"arac_markasi_modeli-astra-f","6":"arac_markasi_modeli-astra-g","7":"arac_markasi_modeli-astra-h","8":"arac_markasi_modeli-opel","9":"product_brand-delphi","10":"product_cat-alt-takim-urunleri","11":"product_tag-altay","13":"first","14":"outofstock","15":"taxable","16":"shipping-taxable","17":"purchasable","18":"product-type-simple"},"jetpack_sharing_enabled":true,"_links":{"self":[{"href":"https:\/\/ozince.com\/magaza\/wp-json\/wp\/v2\/product\/16253","targetHints":{"allow":["GET"]}}],"collection":[{"href":"https:\/\/ozince.com\/magaza\/wp-json\/wp\/v2\/product"}],"about":[{"href":"https:\/\/ozince.com\/magaza\/wp-json\/wp\/v2\/types\/product"}],"wp:attachment":[{"href":"https:\/\/ozince.com\/magaza\/wp-json\/wp\/v2\/media?parent=16253"}],"wp:term":[{"taxonomy":"product_brand","embeddable":true,"href":"https:\/\/ozince.com\/magaza\/wp-json\/wp\/v2\/product_brand?post=16253"},{"taxonomy":"product_cat","embeddable":true,"href":"https:\/\/ozince.com\/magaza\/wp-json\/wp\/v2\/product_cat?post=16253"},{"taxonomy":"product_tag","embeddable":true,"href":"https:\/\/ozince.com\/magaza\/wp-json\/wp\/v2\/product_tag?post=16253"}],"curies":[{"name":"wp","href":"https:\/\/api.w.org\/{rel}","templated":true}]}}