{"id":16234,"date":"2026-04-28T08:06:18","date_gmt":"2026-04-28T05:06:18","guid":{"rendered":"https:\/\/ozince.com\/magaza\/kategorilenmemis\/del-tc792-salincak-corsa-a-82-94-setli-rotilli-sac-alt-sol\/"},"modified":"2026-04-28T08:06:19","modified_gmt":"2026-04-28T05:06:19","slug":"del-tc792-salincak-corsa-a-82-94-setli-rotilli-sac-alt-sol","status":"publish","type":"product","link":"https:\/\/ozince.com\/magaza\/alt-takim-urunleri\/del-tc792-salincak-corsa-a-82-94-setli-rotilli-sac-alt-sol\/","title":{"rendered":"DEL-TC792 SALINCAK CORSA A    82-94 SETL\u0130 ROT\u0130LL\u0130 SAC ALT SOL"},"content":{"rendered":"","protected":false},"excerpt":{"rendered":"","protected":false},"featured_media":0,"template":"","meta":[],"product_brand":[236],"product_cat":[382],"product_tag":[378],"class_list":{"0":"post-16234","1":"product","2":"type-product","3":"status-publish","5":"arac_markasi_modeli-corsa-a","6":"arac_markasi_modeli-opel","7":"product_brand-delphi","8":"product_cat-alt-takim-urunleri","9":"product_tag-altay","11":"first","12":"outofstock","13":"taxable","14":"shipping-taxable","15":"purchasable","16":"product-type-simple"},"jetpack_sharing_enabled":true,"_links":{"self":[{"href":"https:\/\/ozince.com\/magaza\/wp-json\/wp\/v2\/product\/16234","targetHints":{"allow":["GET"]}}],"collection":[{"href":"https:\/\/ozince.com\/magaza\/wp-json\/wp\/v2\/product"}],"about":[{"href":"https:\/\/ozince.com\/magaza\/wp-json\/wp\/v2\/types\/product"}],"wp:attachment":[{"href":"https:\/\/ozince.com\/magaza\/wp-json\/wp\/v2\/media?parent=16234"}],"wp:term":[{"taxonomy":"product_brand","embeddable":true,"href":"https:\/\/ozince.com\/magaza\/wp-json\/wp\/v2\/product_brand?post=16234"},{"taxonomy":"product_cat","embeddable":true,"href":"https:\/\/ozince.com\/magaza\/wp-json\/wp\/v2\/product_cat?post=16234"},{"taxonomy":"product_tag","embeddable":true,"href":"https:\/\/ozince.com\/magaza\/wp-json\/wp\/v2\/product_tag?post=16234"}],"curies":[{"name":"wp","href":"https:\/\/api.w.org\/{rel}","templated":true}]}}