{"id":16226,"date":"2026-04-30T08:10:25","date_gmt":"2026-04-30T05:10:25","guid":{"rendered":"https:\/\/ozince.com\/magaza\/kategorilenmemis\/del-gn10592-12b1-atesleme-bobini-vectra-c-signum-2-0-turbo\/"},"modified":"2026-04-30T08:10:26","modified_gmt":"2026-04-30T05:10:26","slug":"del-gn10592-12b1-atesleme-bobini-vectra-c-signum-2-0-turbo","status":"publish","type":"product","link":"https:\/\/ozince.com\/magaza\/sensor-ve-elektrik-urunleri\/del-gn10592-12b1-atesleme-bobini-vectra-c-signum-2-0-turbo\/","title":{"rendered":"DEL-GN10592-12B1 ATE\u015eLEME BOB\u0130N\u0130 VECTRA C \/ SIGNUM 2.0 TURBO"},"content":{"rendered":"","protected":false},"excerpt":{"rendered":"","protected":false},"featured_media":0,"template":"","meta":[],"product_brand":[236],"product_cat":[374],"product_tag":[378],"class_list":{"0":"post-16226","1":"product","2":"type-product","3":"status-publish","5":"arac_markasi_modeli-opel","6":"arac_markasi_modeli-vectra-c","7":"product_brand-delphi","8":"product_cat-sensor-ve-elektrik-urunleri","9":"product_tag-altay","11":"first","12":"outofstock","13":"taxable","14":"shipping-taxable","15":"purchasable","16":"product-type-simple"},"jetpack_sharing_enabled":true,"_links":{"self":[{"href":"https:\/\/ozince.com\/magaza\/wp-json\/wp\/v2\/product\/16226","targetHints":{"allow":["GET"]}}],"collection":[{"href":"https:\/\/ozince.com\/magaza\/wp-json\/wp\/v2\/product"}],"about":[{"href":"https:\/\/ozince.com\/magaza\/wp-json\/wp\/v2\/types\/product"}],"wp:attachment":[{"href":"https:\/\/ozince.com\/magaza\/wp-json\/wp\/v2\/media?parent=16226"}],"wp:term":[{"taxonomy":"product_brand","embeddable":true,"href":"https:\/\/ozince.com\/magaza\/wp-json\/wp\/v2\/product_brand?post=16226"},{"taxonomy":"product_cat","embeddable":true,"href":"https:\/\/ozince.com\/magaza\/wp-json\/wp\/v2\/product_cat?post=16226"},{"taxonomy":"product_tag","embeddable":true,"href":"https:\/\/ozince.com\/magaza\/wp-json\/wp\/v2\/product_tag?post=16226"}],"curies":[{"name":"wp","href":"https:\/\/api.w.org\/{rel}","templated":true}]}}