{"id":16223,"date":"2026-04-28T08:05:30","date_gmt":"2026-04-28T05:05:30","guid":{"rendered":"https:\/\/ozince.com\/magaza\/kategorilenmemis\/del-ta2687-rotkolu-corsa-c-00-04-combo-c-01-disi-319mm\/"},"modified":"2026-04-28T08:05:31","modified_gmt":"2026-04-28T05:05:31","slug":"del-ta2687-rotkolu-corsa-c-00-04-combo-c-01-disi-319mm","status":"publish","type":"product","link":"https:\/\/ozince.com\/magaza\/alt-takim-urunleri\/del-ta2687-rotkolu-corsa-c-00-04-combo-c-01-disi-319mm\/","title":{"rendered":"DEL-TA2687 ROTKOLU CORSA C 00-04 \/ COMBO C 01= D\u0130\u015e\u0130 319mm"},"content":{"rendered":"","protected":false},"excerpt":{"rendered":"","protected":false},"featured_media":0,"template":"","meta":[],"product_brand":[236],"product_cat":[382],"product_tag":[378],"class_list":{"0":"post-16223","1":"product","2":"type-product","3":"status-publish","5":"arac_markasi_modeli-combo-c","6":"arac_markasi_modeli-corsa-c","7":"arac_markasi_modeli-opel","8":"product_brand-delphi","9":"product_cat-alt-takim-urunleri","10":"product_tag-altay","12":"first","13":"outofstock","14":"taxable","15":"shipping-taxable","16":"purchasable","17":"product-type-simple"},"jetpack_sharing_enabled":true,"_links":{"self":[{"href":"https:\/\/ozince.com\/magaza\/wp-json\/wp\/v2\/product\/16223","targetHints":{"allow":["GET"]}}],"collection":[{"href":"https:\/\/ozince.com\/magaza\/wp-json\/wp\/v2\/product"}],"about":[{"href":"https:\/\/ozince.com\/magaza\/wp-json\/wp\/v2\/types\/product"}],"wp:attachment":[{"href":"https:\/\/ozince.com\/magaza\/wp-json\/wp\/v2\/media?parent=16223"}],"wp:term":[{"taxonomy":"product_brand","embeddable":true,"href":"https:\/\/ozince.com\/magaza\/wp-json\/wp\/v2\/product_brand?post=16223"},{"taxonomy":"product_cat","embeddable":true,"href":"https:\/\/ozince.com\/magaza\/wp-json\/wp\/v2\/product_cat?post=16223"},{"taxonomy":"product_tag","embeddable":true,"href":"https:\/\/ozince.com\/magaza\/wp-json\/wp\/v2\/product_tag?post=16223"}],"curies":[{"name":"wp","href":"https:\/\/api.w.org\/{rel}","templated":true}]}}