{"id":16197,"date":"2026-04-13T08:14:02","date_gmt":"2026-04-13T05:14:02","guid":{"rendered":"https:\/\/ozince.com\/magaza\/kategorilenmemis\/mhr-26835-silindir-kapak-conta-vectra-a-88-95-2-0-8v-c20ne\/"},"modified":"2026-04-13T08:14:03","modified_gmt":"2026-04-13T05:14:03","slug":"mhr-26835-silindir-kapak-conta-vectra-a-88-95-2-0-8v-c20ne","status":"publish","type":"product","link":"https:\/\/ozince.com\/magaza\/motor-mekanik-urunleri\/mhr-26835-silindir-kapak-conta-vectra-a-88-95-2-0-8v-c20ne\/","title":{"rendered":"MHR-26835 S\u0130L\u0130ND\u0130R KAPAK CONTA VECTRA A 88-95 \/ 2.0 8V (C20NE)"},"content":{"rendered":"","protected":false},"excerpt":{"rendered":"","protected":false},"featured_media":0,"template":"","meta":[],"product_brand":[288],"product_cat":[298],"product_tag":[378],"class_list":{"0":"post-16197","1":"product","2":"type-product","3":"status-publish","5":"arac_markasi_modeli-opel","6":"arac_markasi_modeli-vectra-a","7":"product_brand-maher","8":"product_cat-motor-mekanik-urunleri","9":"product_tag-altay","11":"first","12":"instock","13":"taxable","14":"shipping-taxable","15":"purchasable","16":"product-type-simple"},"jetpack_sharing_enabled":true,"_links":{"self":[{"href":"https:\/\/ozince.com\/magaza\/wp-json\/wp\/v2\/product\/16197","targetHints":{"allow":["GET"]}}],"collection":[{"href":"https:\/\/ozince.com\/magaza\/wp-json\/wp\/v2\/product"}],"about":[{"href":"https:\/\/ozince.com\/magaza\/wp-json\/wp\/v2\/types\/product"}],"wp:attachment":[{"href":"https:\/\/ozince.com\/magaza\/wp-json\/wp\/v2\/media?parent=16197"}],"wp:term":[{"taxonomy":"product_brand","embeddable":true,"href":"https:\/\/ozince.com\/magaza\/wp-json\/wp\/v2\/product_brand?post=16197"},{"taxonomy":"product_cat","embeddable":true,"href":"https:\/\/ozince.com\/magaza\/wp-json\/wp\/v2\/product_cat?post=16197"},{"taxonomy":"product_tag","embeddable":true,"href":"https:\/\/ozince.com\/magaza\/wp-json\/wp\/v2\/product_tag?post=16197"}],"curies":[{"name":"wp","href":"https:\/\/api.w.org\/{rel}","templated":true}]}}