{"id":16175,"date":"2026-02-20T18:06:44","date_gmt":"2026-02-20T15:06:44","guid":{"rendered":"https:\/\/ozince.com\/magaza\/kategorilenmemis\/topran-205667-opel-combo-b-1-7-dizel-kizdirma-bujisi-takim\/"},"modified":"2026-02-20T18:41:50","modified_gmt":"2026-02-20T15:41:50","slug":"topran-205667-opel-combo-b-1-7-dizel-kizdirma-bujisi-takim","status":"publish","type":"product","link":"https:\/\/ozince.com\/magaza\/sensor-ve-elektrik-urunleri\/topran-205667-opel-combo-b-1-7-dizel-kizdirma-bujisi-takim\/","title":{"rendered":"TOPRAN 205667 OPEL COMBO B 1.7 D\u0130ZEL KIZDIRMA BUJ\u0130S\u0130 TAKIM"},"content":{"rendered":"<p>\u00dcR\u00dcN OPEL COMBO B 1.7 D\u0130ZEL MODELLER\u0130NE UYGUNDUR. TAKIM F\u0130YATIDIR.<\/p>\n","protected":false},"excerpt":{"rendered":"<p>\u00dcR\u00dcN OPEL COMBO B 1.7 D\u0130ZEL MODELLER\u0130NE UYGUNDUR. TAKIM F\u0130YATIDIR.<\/p>\n","protected":false},"featured_media":16178,"template":"","meta":[],"product_brand":[336],"product_cat":[374],"product_tag":[],"class_list":{"0":"post-16175","1":"product","2":"type-product","3":"status-publish","4":"has-post-thumbnail","6":"arac_markasi_modeli-combo-b","7":"arac_markasi_modeli-opel","8":"product_brand-topran","9":"product_cat-sensor-ve-elektrik-urunleri","11":"first","12":"instock","13":"taxable","14":"shipping-taxable","15":"purchasable","16":"product-type-simple"},"jetpack_sharing_enabled":true,"_links":{"self":[{"href":"https:\/\/ozince.com\/magaza\/wp-json\/wp\/v2\/product\/16175","targetHints":{"allow":["GET"]}}],"collection":[{"href":"https:\/\/ozince.com\/magaza\/wp-json\/wp\/v2\/product"}],"about":[{"href":"https:\/\/ozince.com\/magaza\/wp-json\/wp\/v2\/types\/product"}],"wp:featuredmedia":[{"embeddable":true,"href":"https:\/\/ozince.com\/magaza\/wp-json\/wp\/v2\/media\/16178"}],"wp:attachment":[{"href":"https:\/\/ozince.com\/magaza\/wp-json\/wp\/v2\/media?parent=16175"}],"wp:term":[{"taxonomy":"product_brand","embeddable":true,"href":"https:\/\/ozince.com\/magaza\/wp-json\/wp\/v2\/product_brand?post=16175"},{"taxonomy":"product_cat","embeddable":true,"href":"https:\/\/ozince.com\/magaza\/wp-json\/wp\/v2\/product_cat?post=16175"},{"taxonomy":"product_tag","embeddable":true,"href":"https:\/\/ozince.com\/magaza\/wp-json\/wp\/v2\/product_tag?post=16175"}],"curies":[{"name":"wp","href":"https:\/\/api.w.org\/{rel}","templated":true}]}}